{"id":3325,"date":"2018-11-30T14:15:47","date_gmt":"2018-11-30T14:15:47","guid":{"rendered":"https:\/\/www.pei.si\/talis\/"},"modified":"2023-12-11T15:50:35","modified_gmt":"2023-12-11T15:50:35","slug":"talis","status":"publish","type":"page","link":"https:\/\/www.pei.si\/en\/research-activities\/international-comparative-research-studies-in-the-field-of-knowledge\/talis\/","title":{"rendered":"TALIS"},"content":{"rendered":"<h3>Mednarodna raziskava pou\u010devanja in u\u010denja (The OECD Teaching and Learning International Survey)<\/h3>\n<p>TALIS je mednarodna raziskava, pri kateri je glavni poudarek na u\u010dnem okolju in delovnih pogojih u\u010diteljev na \u0161olah. Cilj raziskave TALIS je zbrati in preu\u010diti podatke, ki so povezani s pou\u010devanjem u\u010diteljev in njihovim strokovnim spopolnjevanjem ter podatke o pedago\u0161kih, vodstvenih in upravnih vpra\u0161anjih, ki so povezani z delom ravnatelja.<\/p>\n<p>Zajemi:<\/p>\n<ul>\n<li><a href=\"https:\/\/www.pei.si\/en\/research-activities\/international-comparative-research-studies-in-the-field-of-knowledge\/talis\/talis-2008\/\">TALIS 2008<\/a><\/li>\n<li><a href=\"https:\/\/www.pei.si\/en\/research-activities\/international-comparative-research-studies-in-the-field-of-knowledge\/talis\/talis-2019\/\">TALIS 2018<\/a><\/li>\n<li><a href=\"https:\/\/www.pei.si\/raziskovalna-dejavnost\/mednarodne-raziskave\/talis\/talis-2024\/\">TALIS 2024<\/a><\/li>\n<\/ul>\n","protected":false},"excerpt":{"rendered":"<p>Mednarodna raziskava pou\u010devanja in u\u010denja (The OECD Teaching and Learning International Survey) TALIS je mednarodna raziskava, pri kateri je glavni poudarek na u\u010dnem okolju in delovnih pogojih u\u010diteljev na \u0161olah. Cilj raziskave TALIS je zbrati in preu\u010diti podatke, ki so povezani s pou\u010devanjem u\u010diteljev in njihovim strokovnim spopolnjevanjem ter podatke o pedago\u0161kih, vodstvenih in upravnih [&hellip;]<\/p>\n","protected":false},"author":3,"featured_media":0,"parent":3374,"menu_order":0,"comment_status":"closed","ping_status":"closed","template":"","meta":{"_acf_changed":false,"footnotes":""},"class_list":["post-3325","page","type-page","status-publish","hentry"],"acf":[],"_links":{"self":[{"href":"https:\/\/www.pei.si\/en\/wp-json\/wp\/v2\/pages\/3325","targetHints":{"allow":["GET"]}}],"collection":[{"href":"https:\/\/www.pei.si\/en\/wp-json\/wp\/v2\/pages"}],"about":[{"href":"https:\/\/www.pei.si\/en\/wp-json\/wp\/v2\/types\/page"}],"author":[{"embeddable":true,"href":"https:\/\/www.pei.si\/en\/wp-json\/wp\/v2\/users\/3"}],"replies":[{"embeddable":true,"href":"https:\/\/www.pei.si\/en\/wp-json\/wp\/v2\/comments?post=3325"}],"version-history":[{"count":5,"href":"https:\/\/www.pei.si\/en\/wp-json\/wp\/v2\/pages\/3325\/revisions"}],"predecessor-version":[{"id":11542,"href":"https:\/\/www.pei.si\/en\/wp-json\/wp\/v2\/pages\/3325\/revisions\/11542"}],"up":[{"embeddable":true,"href":"https:\/\/www.pei.si\/en\/wp-json\/wp\/v2\/pages\/3374"}],"wp:attachment":[{"href":"https:\/\/www.pei.si\/en\/wp-json\/wp\/v2\/media?parent=3325"}],"curies":[{"name":"wp","href":"https:\/\/api.w.org\/{rel}","templated":true}]}}