{"id":3327,"date":"2018-11-30T14:15:03","date_gmt":"2018-11-30T14:15:03","guid":{"rendered":"https:\/\/www.pei.si\/pirls-2006\/"},"modified":"2018-11-30T14:15:03","modified_gmt":"2018-11-30T14:15:03","slug":"pirls-2006","status":"publish","type":"page","link":"https:\/\/www.pei.si\/en\/research-activities\/international-comparative-research-studies-in-the-field-of-knowledge\/pirls\/pirls-2006\/","title":{"rendered":"PIRLS 2006"},"content":{"rendered":"<h4>Rezultati<\/h4>\n<ul>\n<li><a href=\"https:\/\/www.pei.si\/wp-content\/uploads\/2018\/12\/PIRLS06.pdf\">Predstavitev<\/a><\/li>\n<li><a href=\"https:\/\/www.pei.si\/wp-content\/uploads\/2018\/12\/vprasalnik_ucenci_pirls06.pdf\">Bralni dose\u017eki\/vpra\u0161alnik za u\u010denke in u\u010dence<\/a><\/li>\n<li><a href=\"https:\/\/www.pei.si\/wp-content\/uploads\/2018\/12\/vprasalnik_starsi_pirls06.pdf\">Bralni dose\u017eki\/vpra\u0161alnik za star\u0161e<\/a><\/li>\n<li><a href=\"https:\/\/www.pei.si\/wp-content\/uploads\/2018\/12\/vprasalnik_ucitelji_pirls_06.pdf\">Bralni dose\u017eki\/vpra\u0161alnik za u\u010diteljice in u\u010ditelje<\/a><\/li>\n<li><a href=\"https:\/\/www.pei.si\/wp-content\/uploads\/2018\/12\/vprasalnik_ravnatelji_pirls06.pdf\">Bralni dose\u017eki\/vpra\u0161alnik za ravnateljice in ravnatelje<\/a><\/li>\n<\/ul>\n","protected":false},"excerpt":{"rendered":"<p>Rezultati Predstavitev Bralni dose\u017eki\/vpra\u0161alnik za u\u010denke in u\u010dence Bralni dose\u017eki\/vpra\u0161alnik za star\u0161e Bralni dose\u017eki\/vpra\u0161alnik za u\u010diteljice in u\u010ditelje Bralni dose\u017eki\/vpra\u0161alnik za ravnateljice in ravnatelje<\/p>\n","protected":false},"author":3,"featured_media":0,"parent":3330,"menu_order":0,"comment_status":"closed","ping_status":"closed","template":"","meta":{"_acf_changed":false,"footnotes":""},"class_list":["post-3327","page","type-page","status-publish","hentry"],"acf":[],"_links":{"self":[{"href":"https:\/\/www.pei.si\/en\/wp-json\/wp\/v2\/pages\/3327","targetHints":{"allow":["GET"]}}],"collection":[{"href":"https:\/\/www.pei.si\/en\/wp-json\/wp\/v2\/pages"}],"about":[{"href":"https:\/\/www.pei.si\/en\/wp-json\/wp\/v2\/types\/page"}],"author":[{"embeddable":true,"href":"https:\/\/www.pei.si\/en\/wp-json\/wp\/v2\/users\/3"}],"replies":[{"embeddable":true,"href":"https:\/\/www.pei.si\/en\/wp-json\/wp\/v2\/comments?post=3327"}],"version-history":[{"count":0,"href":"https:\/\/www.pei.si\/en\/wp-json\/wp\/v2\/pages\/3327\/revisions"}],"up":[{"embeddable":true,"href":"https:\/\/www.pei.si\/en\/wp-json\/wp\/v2\/pages\/3330"}],"wp:attachment":[{"href":"https:\/\/www.pei.si\/en\/wp-json\/wp\/v2\/media?parent=3327"}],"curies":[{"name":"wp","href":"https:\/\/api.w.org\/{rel}","templated":true}]}}