{"id":3328,"date":"2018-11-30T14:14:40","date_gmt":"2018-11-30T14:14:40","guid":{"rendered":"https:\/\/www.pei.si\/pirls-2011\/"},"modified":"2019-03-19T10:05:03","modified_gmt":"2019-03-19T10:05:03","slug":"pirls-2011","status":"publish","type":"page","link":"https:\/\/www.pei.si\/en\/research-activities\/international-comparative-research-studies-in-the-field-of-knowledge\/pirls\/pirls-2011\/","title":{"rendered":"PIRLS 2011"},"content":{"rendered":"<p>PIRLS, Progress in International Reading Literacy Study, je mednarodna raziskava bralne pismenosti otrok v starosti okoli 10 let. Izvaja se v petletnih krogih. Prva raziskava PIRLS je bila izvedena leta 2001, v letu 2011 pa je bila izvedena tretja ponovitev raziskave, PIRLS 2011. Raziskavo vodi Mednarodni projektni center,\u00a0ISC, na univerzi Boston College, ZDA. PIRLS je eden od raziskovalnih projektov Mednarodne zveze za prou\u010devanje u\u010dinkov izobra\u017eevanja,<a href=\"http:\/\/www.iea.nl\/\">\u00a0IEA<\/a>.<\/p>\n<p><strong>Kaj merimo v PIRLS?<\/strong><\/p>\n<p>Z vpra\u0161alniki za u\u010dence, u\u010ditelje in ravnatelje zberemo informacije o dejavnikih, ki so povezani z doseganjem znanja. Podatke o re\u0161evanju nalog in poro\u010dila o dejavnikih pove\u017eemo med seboj. Med dr\u017eavami in znotraj Slovenije primerjamo bralne dose\u017eke u\u010dencev in vpliv dejavnikov na te dose\u017eke. Dejavnike in dose\u017eke primerjamo z izsledki PIRLS iz prej\u0161njih let in jih prika\u017eemo v obliki trendov.<\/p>\n<p><strong>Katere dr\u017eave sodelujejo?<\/strong><\/p>\n<p>Raziskavo PIRLS lahko izvaja vsaka dr\u017eava \u010dlanica IEA, vendar le po skupni mednarodni metodologiji, ki zagotavlja visoke standarde kvalitete zbiranja, analiziranja in poro\u010danja o zbranih podatkih. Izhodi\u0161\u010da in zasnovo raziskave sprejme skup\u0161\u010dina IEA, ki jo sestavljajo predstavniki vseh dr\u017eav \u010dlanic. V PIRLS 2011 je sodelovalo\u00a0<a href=\"http:\/\/timssandpirls.bc.edu\/pirls2011\/countries.html\">46 dr\u017eav in 8 samostojnih \u0161olskih sistemov<\/a>.<\/p>\n<p><strong>Kateri u\u010denci sodelujejo?<\/strong><\/p>\n<p>V vsaki dr\u017eavi se dolo\u010di vzorec \u0161ol, najmanj 150, na njih pa vzorec razredov u\u010dencev, ki so vklju\u010deni v preizkuse znanja. V povpre\u010dju je v dr\u017eavi zajetih v re\u0161evanje preizkusov ve\u010d tiso\u010d otrok posamezne starostne skupine ter ravnatelji \u0161ol in razredni u\u010ditelji teh otrok. V letu 2011 je bilo v PIRLS zajetih 195 slovenskih \u0161ol, na vsaki pa po eden ali dva razreda u\u010dencev 4. razreda. Iz vzor\u010denja so bile izvzete \u0161ole z italijanskim jezikom ter \u0161ole za otroke z posebnimi potrebami. Iz vzor\u010denih razredov so bili re\u0161evanja opro\u0161\u010deni u\u010denci s tak\u0161nimi posebnimi potrebami, ki jim ne dovoljujejo dosegati minimalnih standardov znanja ter otroci, ki zaradi po\u0161kodb niso mogli pisati preizkusa. \u0160ole, u\u010denci, u\u010ditelji in star\u0161i so se na raziskavo zelo pozitivno odzvali. Zabele\u017eili smo izjemno nizek dele\u017e manjkajo\u010dih u\u010dencev in neodgovorjenih vpra\u0161alnikov, precej pod 10%. Vsem se zahvaljujemo za odziv in vlo\u017eeno delo v izpeljavo raziskave.<\/p>\n<p>&nbsp;<\/p>\n<h4>Rezultati<\/h4>\n<ul>\n<li><a href=\"https:\/\/www.pei.si\/wp-content\/uploads\/2018\/12\/Kratka-informacija-o-rezultatih-PIRLS-2011.pdf\">prvi rezultati<\/a><\/li>\n<li>poro\u010dilo PIRLS 2011\n<ul>\n<li><a href=\"https:\/\/www.pei.si\/wp-content\/uploads\/2018\/12\/Poglavje-0_Uvod.pdf\">Uvod<\/a><\/li>\n<li>Primerjava bralnih dose\u017ekov\u00a0(<a href=\"https:\/\/www.pei.si\/wp-content\/uploads\/2018\/12\/Poglavje-1_Primerjava-bralnih-dosezkov.pdf\">besedilo<\/a>) (<a href=\"https:\/\/www.pei.si\/wp-content\/uploads\/2018\/12\/tabele-poglavje-1.pdf\">tabele\/grafi<\/a>)<\/li>\n<li>Mejniki bralne pismenosti\u00a0(<a href=\"https:\/\/www.pei.si\/wp-content\/uploads\/2018\/12\/Poglavje-2_Mejniki-bralne-pismenosti.pdf\">besedilo<\/a>) (<a href=\"https:\/\/www.pei.si\/wp-content\/uploads\/2018\/12\/tabele-poglavje-2.pdf\">tabele\/grafi<\/a>)<\/li>\n<li>Bralni dose\u017eki glede na vrsto besedila in proces razumevanja\u00a0(<a href=\"https:\/\/www.pei.si\/wp-content\/uploads\/2018\/12\/Poglavje-3_Proces-razumevanja_vrsta-besedila.pdf\">besedilo<\/a>) (<a href=\"https:\/\/www.pei.si\/wp-content\/uploads\/2018\/12\/tabele-poglavje-3.pdf\">tabele\/grafi<\/a>)<\/li>\n<li>Dom\u010de okolje in bralna pismenost\u00a0(<a href=\"https:\/\/www.pei.si\/wp-content\/uploads\/2018\/12\/Poglavje-4_Domace-okolje.pdf\">besedilo<\/a>) (<a href=\"https:\/\/www.pei.si\/wp-content\/uploads\/2018\/12\/tabele-poglavje-4.pdf\">tabele\/grafi<\/a>)<\/li>\n<li>\u0160olski viri za pou\u010devanje branja\u00a0(<a href=\"https:\/\/www.pei.si\/wp-content\/uploads\/2018\/12\/Poglavje-5_Solski-viri.pdf\">besedilo<\/a>) (<a href=\"https:\/\/www.pei.si\/wp-content\/uploads\/2018\/12\/tabele-poglavje-5.pdf\">tabele\/grafi<\/a>)<\/li>\n<li>\u0160olska klima\u00a0(<a href=\"https:\/\/www.pei.si\/wp-content\/uploads\/2018\/12\/Poglavje-6_Solska-klima.pdf\">besedilo<\/a>) (<a href=\"https:\/\/www.pei.si\/wp-content\/uploads\/2018\/12\/tabele-poglavje-6.pdf\">tabele\/grafi<\/a>)<\/li>\n<li>U\u010ditelji in pripravljenost za pou\u010devanje\u00a0(<a href=\"https:\/\/www.pei.si\/wp-content\/uploads\/2018\/12\/Poglavje-7_Ucitelji.pdf\">besedilo<\/a>) (<a href=\"https:\/\/www.pei.si\/wp-content\/uploads\/2018\/12\/tabele-poglavje-7.pdf\">tabele\/grafi<\/a>)<\/li>\n<li>Pouk branja v razredu\u00a0(<a href=\"https:\/\/www.pei.si\/wp-content\/uploads\/2018\/12\/Poglavje-8_Pouk-v-razredu.pdf\">besedilo<\/a>) (<a href=\"https:\/\/www.pei.si\/wp-content\/uploads\/2018\/12\/tabele-poglavje-8.pdf\">tabele\/grafi<\/a>)<\/li>\n<li><a href=\"https:\/\/www.pei.si\/wp-content\/uploads\/2018\/12\/Poglavje_Zakljucek.pdf\">Zaklju\u010dek<\/a><\/li>\n<li><a href=\"https:\/\/www.pei.si\/wp-content\/uploads\/2018\/12\/Pogled-naprej.pdf\">Pogled v prihostnost<\/a><\/li>\n<li><a href=\"https:\/\/www.pei.si\/wp-content\/uploads\/2018\/12\/tabele-dodatek.pdf\">Dodatek<\/a><\/li>\n<\/ul>\n<\/li>\n<li><a href=\"http:\/\/timssandpirls.bc.edu\/pirls2011\/framework.html\">izhodi\u0161\u010da raziskave PIRLS 2011<\/a><\/li>\n<\/ul>\n<p>&nbsp;<\/p>\n<p>&nbsp;<\/p>\n<ul>\n<li><a href=\"http:\/\/timssandpirls.bc.edu\/pirls2011\/encyclopedia-pirls.html\">Enciklopedija PIRLS 2011<\/a> &#8211;\u00a0vsebuje predstavitve pou\u010devanja branja in pismenosti v vseh sodelujo\u010dih \u0161olskih sistemih. Besedila so v celoti prispevale sodelujo\u010de dr\u017eave, da bi z njimi omogo\u010dila razumevanje in interpretacije zbranih primerjalnih podatkov v raziskavi PIRLS.<\/li>\n<\/ul>\n<p>&nbsp;<\/p>\n<h4>Kontakt in sodelavci<\/h4>\n<p>Nacionalni koordinacijski center: Marjeta Doupona Horvat (nacionalna koordinacija)<\/p>\n<p>Ostali sodelavci:<\/p>\n<ul>\n<li><a href=\"https:\/\/www.pei.si\/en\/zaposleni\/autor-sabina\/\">Sabina Autor<\/a> (predraziskava, ocenjevanje preizkusov)<\/li>\n<li>Mojca Ro\u017eman (mlada raziskovalka)<\/li>\n<li>Sabina \u017dagar \u017dnidar\u0161i\u010d (priprava raziskave v \u0161olah, ocenjevanje preizkusov)<\/li>\n<li><a href=\"https:\/\/www.pei.si\/en\/zaposleni\/kozina-ana\/\">Ana Kozina<\/a> (skrbnik podatkovnih baz, podro\u010dje dejavnikov okolja)<\/li>\n<\/ul>\n<p>&nbsp;<\/p>\n<p><em>Projekt se izvaja pod okriljem ESS projekta: Ugotavljanje in zagotavljanje kakovosti v izobra\u017eevanju in usposabljanju &#8211; Evalvacija vzgoje in izobra\u017eevanja na podlagi mednarodno priznanih metodologij, ki ga\u00a0sofinancirata Evropski socialni sklad Evropske unije in Ministrstvo za izobra\u017eevanje, znanost, kulturo in \u0161port\u00a0(vodja dr. Mojca \u0160traus)<\/em><\/p>\n","protected":false},"excerpt":{"rendered":"<p>PIRLS, Progress in International Reading Literacy Study, je mednarodna raziskava bralne pismenosti otrok v starosti okoli 10 let. Izvaja se v petletnih krogih. Prva raziskava PIRLS je bila izvedena leta 2001, v letu 2011 pa je bila izvedena tretja ponovitev raziskave, PIRLS 2011. Raziskavo vodi Mednarodni projektni center,\u00a0ISC, na univerzi Boston College, ZDA. PIRLS je [&hellip;]<\/p>\n","protected":false},"author":3,"featured_media":0,"parent":3330,"menu_order":0,"comment_status":"closed","ping_status":"closed","template":"","meta":{"_acf_changed":false,"footnotes":""},"class_list":["post-3328","page","type-page","status-publish","hentry"],"acf":[],"_links":{"self":[{"href":"https:\/\/www.pei.si\/en\/wp-json\/wp\/v2\/pages\/3328","targetHints":{"allow":["GET"]}}],"collection":[{"href":"https:\/\/www.pei.si\/en\/wp-json\/wp\/v2\/pages"}],"about":[{"href":"https:\/\/www.pei.si\/en\/wp-json\/wp\/v2\/types\/page"}],"author":[{"embeddable":true,"href":"https:\/\/www.pei.si\/en\/wp-json\/wp\/v2\/users\/3"}],"replies":[{"embeddable":true,"href":"https:\/\/www.pei.si\/en\/wp-json\/wp\/v2\/comments?post=3328"}],"version-history":[{"count":1,"href":"https:\/\/www.pei.si\/en\/wp-json\/wp\/v2\/pages\/3328\/revisions"}],"predecessor-version":[{"id":4089,"href":"https:\/\/www.pei.si\/en\/wp-json\/wp\/v2\/pages\/3328\/revisions\/4089"}],"up":[{"embeddable":true,"href":"https:\/\/www.pei.si\/en\/wp-json\/wp\/v2\/pages\/3330"}],"wp:attachment":[{"href":"https:\/\/www.pei.si\/en\/wp-json\/wp\/v2\/media?parent=3328"}],"curies":[{"name":"wp","href":"https:\/\/api.w.org\/{rel}","templated":true}]}}