{"id":3329,"date":"2018-11-30T14:14:17","date_gmt":"2018-11-30T14:14:17","guid":{"rendered":"https:\/\/www.pei.si\/pirls-2016\/"},"modified":"2020-06-03T13:02:14","modified_gmt":"2020-06-03T13:02:14","slug":"pirls-2016","status":"publish","type":"page","link":"https:\/\/www.pei.si\/en\/research-activities\/international-comparative-research-studies-in-the-field-of-knowledge\/pirls\/pirls-2016\/","title":{"rendered":"PIRLS 2016"},"content":{"rendered":"<ul>\n<li>\n<h3><a href=\"\/?p=6492\" target=\"_blank\" rel=\"noopener noreferrer\">Nacionalno poro\u010dilo PIRLS in e-PIRLS 2016<\/a><\/h3>\n<\/li>\n<li><a href=\"https:\/\/www.pei.si\/wp-content\/uploads\/2018\/12\/PIRLS_povzetek.pdf\">povzetek rezultatov<\/a><\/li>\n<\/ul>\n<p align=\"left\">\n<p align=\"left\">Slovenski u\u010denci izkazujejo nadpovpre\u010dne rezultate v bralni pismenosti kot jo meri mednarodna raziskava PIRLS 2016. Prav tako je napredek Slovenije v 15 letih velik, desetletniki so namre\u010d v tem \u010dasu napredovali za 41 to\u010dk.<\/p>\n<p align=\"left\">Ker ne samo odrasli in mladostniki, pa\u010d pa tudi otroci vedno ve\u010d berejo na spletu, kvalitete in uspe\u0161nosti takega branja pa ne poznamo dovolj, smo v raziskavi PIRLS v letu 2016 prvi\u010d preverjali bralno pismenost pri spletnem branju. Tudi v \u0161olah se vedno ve\u010d pozornosti posve\u010da branju digitalnih vsebin, saj na spletu i\u0161\u010demo informacije za osebno in profesionalno rabo.<\/p>\n<p align=\"left\">U\u010denke in u\u010denci so v simuliranem spletnem okolju brali informativna besedila in odgovarjali na vpra\u0161anja o teh besedilih. Raziskava je pokazala, da slovenski u\u010denci in u\u010denke dosegajo ni\u017eje rezultate pri branju v spletnem okolju kot pri klasi\u010dnem branju.<\/p>\n","protected":false},"excerpt":{"rendered":"<p>Nacionalno poro\u010dilo PIRLS in e-PIRLS 2016 povzetek rezultatov Slovenski u\u010denci izkazujejo nadpovpre\u010dne rezultate v bralni pismenosti kot jo meri mednarodna raziskava PIRLS 2016. Prav tako je napredek Slovenije v 15 letih velik, desetletniki so namre\u010d v tem \u010dasu napredovali za 41 to\u010dk. Ker ne samo odrasli in mladostniki, pa\u010d pa tudi otroci vedno ve\u010d berejo [&hellip;]<\/p>\n","protected":false},"author":3,"featured_media":0,"parent":3330,"menu_order":0,"comment_status":"closed","ping_status":"closed","template":"","meta":{"_acf_changed":false,"footnotes":""},"class_list":["post-3329","page","type-page","status-publish","hentry"],"acf":[],"_links":{"self":[{"href":"https:\/\/www.pei.si\/en\/wp-json\/wp\/v2\/pages\/3329","targetHints":{"allow":["GET"]}}],"collection":[{"href":"https:\/\/www.pei.si\/en\/wp-json\/wp\/v2\/pages"}],"about":[{"href":"https:\/\/www.pei.si\/en\/wp-json\/wp\/v2\/types\/page"}],"author":[{"embeddable":true,"href":"https:\/\/www.pei.si\/en\/wp-json\/wp\/v2\/users\/3"}],"replies":[{"embeddable":true,"href":"https:\/\/www.pei.si\/en\/wp-json\/wp\/v2\/comments?post=3329"}],"version-history":[{"count":2,"href":"https:\/\/www.pei.si\/en\/wp-json\/wp\/v2\/pages\/3329\/revisions"}],"predecessor-version":[{"id":6566,"href":"https:\/\/www.pei.si\/en\/wp-json\/wp\/v2\/pages\/3329\/revisions\/6566"}],"up":[{"embeddable":true,"href":"https:\/\/www.pei.si\/en\/wp-json\/wp\/v2\/pages\/3330"}],"wp:attachment":[{"href":"https:\/\/www.pei.si\/en\/wp-json\/wp\/v2\/media?parent=3329"}],"curies":[{"name":"wp","href":"https:\/\/api.w.org\/{rel}","templated":true}]}}