{"id":3334,"date":"2018-11-30T14:11:58","date_gmt":"2018-11-30T14:11:58","guid":{"rendered":"https:\/\/www.pei.si\/icilis-2013\/"},"modified":"2025-06-24T06:50:45","modified_gmt":"2025-06-24T06:50:45","slug":"icils-2013","status":"publish","type":"page","link":"https:\/\/www.pei.si\/en\/research-activities\/international-comparative-research-studies-in-the-field-of-knowledge\/sites-icils\/icils-2013\/","title":{"rendered":"ICILS 2013"},"content":{"rendered":"<p>Mednarodna \u0161tudija o ra\u010dunalni\u0161ki in informacijski pismenosti (International Computer and Information Literacy Study, ICILS) prou\u010duje ra\u010dunalni\u0161ko in informacijsko (RI) pismenost u\u010dencev osnovne \u0161ole v razli\u010dnih dr\u017eavah. ICILS te\u010de pod okriljem IEA, mednarodnega zdru\u017eenja za prou\u010devanje u\u010dinkov izobra\u017eevanja.<\/p>\n<p>Raziskava prou\u010duje razlike v dose\u017ekih ra\u010dunalni\u0161ke in informacijske pismenosti med dr\u017eavami ter med \u0161olami v dr\u017eavah na na\u010din, da je mogo\u010de povezati dose\u017eke s pou\u010devanjem oziroma uporabo IKT pri pouku.<\/p>\n<p>V ICILS 2013 je sodelovalo 22 dr\u017eav, 14 dr\u017eav pa je v izvedbi doseglo vse standarde za vklju\u010ditev svojih podatkov v mednarodne primerjave, med njimi tudi Slovenija.<\/p>\n<p>&nbsp;<\/p>\n<p><em>Trajanje raziskave:<\/em> 2010 &#8211; 2014<\/p>\n","protected":false},"excerpt":{"rendered":"<p>Mednarodna \u0161tudija o ra\u010dunalni\u0161ki in informacijski pismenosti (International Computer and Information Literacy Study, ICILS) prou\u010duje ra\u010dunalni\u0161ko in informacijsko (RI) pismenost u\u010dencev osnovne \u0161ole v razli\u010dnih dr\u017eavah. ICILS te\u010de pod okriljem IEA, mednarodnega zdru\u017eenja za prou\u010devanje u\u010dinkov izobra\u017eevanja. Raziskava prou\u010duje razlike v dose\u017ekih ra\u010dunalni\u0161ke in informacijske pismenosti med dr\u017eavami ter med \u0161olami v dr\u017eavah na na\u010din, [&hellip;]<\/p>\n","protected":false},"author":3,"featured_media":0,"parent":3335,"menu_order":0,"comment_status":"closed","ping_status":"closed","template":"","meta":{"_acf_changed":false,"footnotes":""},"class_list":["post-3334","page","type-page","status-publish","hentry"],"acf":[],"_links":{"self":[{"href":"https:\/\/www.pei.si\/en\/wp-json\/wp\/v2\/pages\/3334","targetHints":{"allow":["GET"]}}],"collection":[{"href":"https:\/\/www.pei.si\/en\/wp-json\/wp\/v2\/pages"}],"about":[{"href":"https:\/\/www.pei.si\/en\/wp-json\/wp\/v2\/types\/page"}],"author":[{"embeddable":true,"href":"https:\/\/www.pei.si\/en\/wp-json\/wp\/v2\/users\/3"}],"replies":[{"embeddable":true,"href":"https:\/\/www.pei.si\/en\/wp-json\/wp\/v2\/comments?post=3334"}],"version-history":[{"count":1,"href":"https:\/\/www.pei.si\/en\/wp-json\/wp\/v2\/pages\/3334\/revisions"}],"predecessor-version":[{"id":14015,"href":"https:\/\/www.pei.si\/en\/wp-json\/wp\/v2\/pages\/3334\/revisions\/14015"}],"up":[{"embeddable":true,"href":"https:\/\/www.pei.si\/en\/wp-json\/wp\/v2\/pages\/3335"}],"wp:attachment":[{"href":"https:\/\/www.pei.si\/en\/wp-json\/wp\/v2\/media?parent=3334"}],"curies":[{"name":"wp","href":"https:\/\/api.w.org\/{rel}","templated":true}]}}