{"id":3337,"date":"2018-11-30T14:10:31","date_gmt":"2018-11-30T14:10:31","guid":{"rendered":"https:\/\/www.pei.si\/pisa-2009\/"},"modified":"2019-11-21T20:12:33","modified_gmt":"2019-11-21T20:12:33","slug":"pisa-2009","status":"publish","type":"page","link":"https:\/\/www.pei.si\/en\/research-activities\/international-comparative-research-studies-in-the-field-of-knowledge\/pisa\/pisa-2009\/","title":{"rendered":"PISA 2009"},"content":{"rendered":"<h4>Rezultati PISA 2009<\/h4>\n<ul>\n<li><a href=\"https:\/\/www.pei.si\/wp-content\/uploads\/2018\/12\/PISA_2009_TK_7_dec_-2010_1_del.pdf\">PISA 2009 Povzetek rezultatov za Slovenijo in OECD<\/a><\/li>\n<li><a href=\"https:\/\/www.pei.si\/wp-content\/uploads\/2018\/12\/PISA2009TK2del.ppt\">PISA 2009 z vidika zna\u010dilnosti u\u010dencev<\/a><\/li>\n<li><a href=\"https:\/\/www.pei.si\/wp-content\/uploads\/2018\/12\/PISA2009_prviRezultati.pdf\">PISA 2009 Prvi rezultati<\/a><\/li>\n<\/ul>\n<p>&nbsp;<\/p>\n<p>Odziv na rezultate v medijih:<\/p>\n<ul>\n<li><a href=\"http:\/\/delo.si\/novice\/slovenija\/bralna-pismenost-ucencev-vsako-leto-slabsa.html\">Delo<\/a><\/li>\n<li><a href=\"http:\/\/www.dnevnik.si\/novice\/slovenija\/1042408681\">Dnevnik<\/a><\/li>\n<li><a href=\"http:\/\/dnevnik.si\/debate\/komentarji\/1042408971\">Dnevnik (komentar)<\/a><\/li>\n<li><a href=\"http:\/\/www.rtvslo.si\/slovenija\/slovenski-solarji-slabse-bralno-pismeni-od-povprecja\/245820\">rtvslo.si<\/a><\/li>\n<\/ul>\n<p>&nbsp;<\/p>\n<p><strong>Raziskava PISA na spletnih straneh Wikipedije<\/strong><\/p>\n<p>Spo\u0161tovani koordinatorji in koordinatorice, sporo\u010damo vam, da si lahko raziskavo PISA sedaj ogledate tudi na spletnih straneh Wikipedije in sicer na naslednji povezavi:\u00a0<a href=\"http:\/\/sl.wikipedia.org\/wiki\/Raziskava_PISA\">sl.wikipedia.org\/wiki\/Raziskava_PISA<\/a><\/p>\n<p>&nbsp;<\/p>\n<h4>Kontakt in sodelavci<\/h4>\n<p>V kolikor imate kak\u0161na vpra\u0161anja, vas prosimo, da se obrnete na:<\/p>\n<p><strong>Nacionalni center raziskave PISA<\/strong><br \/>\n<strong>Pedago\u0161ki in\u0161titut<\/strong><br \/>\n<strong>Gerbi\u010deva 62<\/strong><br \/>\n<strong>1000 Ljubljana<\/strong><\/p>\n<p>&nbsp;<\/p>\n<p>Sodelavke v nacionalnem centru:<\/p>\n<ul>\n<li><strong>dr. Mojca \u0160traus<\/strong>, nacionalna koordinatorka raziskave PISA<\/li>\n<li><a href=\"https:\/\/www.pei.si\/en\/zaposleni\/stigl-simona\/\"><strong>Simona \u0160tigl<\/strong><\/a>, sodelavka v raziskavi, tel. (01) 420 12 62<\/li>\n<li><a href=\"https:\/\/www.pei.si\/en\/zaposleni\/sterman-ivancic-klaudija\/\"><strong>Klaudija \u0160terman Ivan\u010di\u010d<\/strong><\/a>, sodelavka v raziskavi<\/li>\n<\/ul>\n<p>&nbsp;<\/p>\n<p>Elektronska po\u0161ta:\u00a0<a href=\"mailto: pisa@pei.si\">pisa@pei.si<\/a><\/p>\n","protected":false},"excerpt":{"rendered":"<p>Rezultati PISA 2009 PISA 2009 Povzetek rezultatov za Slovenijo in OECD PISA 2009 z vidika zna\u010dilnosti u\u010dencev PISA 2009 Prvi rezultati &nbsp; Odziv na rezultate v medijih: Delo Dnevnik Dnevnik (komentar) rtvslo.si &nbsp; Raziskava PISA na spletnih straneh Wikipedije Spo\u0161tovani koordinatorji in koordinatorice, sporo\u010damo vam, da si lahko raziskavo PISA sedaj ogledate tudi na spletnih [&hellip;]<\/p>\n","protected":false},"author":3,"featured_media":0,"parent":3340,"menu_order":0,"comment_status":"closed","ping_status":"closed","template":"","meta":{"_acf_changed":false,"footnotes":""},"class_list":["post-3337","page","type-page","status-publish","hentry"],"acf":[],"_links":{"self":[{"href":"https:\/\/www.pei.si\/en\/wp-json\/wp\/v2\/pages\/3337","targetHints":{"allow":["GET"]}}],"collection":[{"href":"https:\/\/www.pei.si\/en\/wp-json\/wp\/v2\/pages"}],"about":[{"href":"https:\/\/www.pei.si\/en\/wp-json\/wp\/v2\/types\/page"}],"author":[{"embeddable":true,"href":"https:\/\/www.pei.si\/en\/wp-json\/wp\/v2\/users\/3"}],"replies":[{"embeddable":true,"href":"https:\/\/www.pei.si\/en\/wp-json\/wp\/v2\/comments?post=3337"}],"version-history":[{"count":2,"href":"https:\/\/www.pei.si\/en\/wp-json\/wp\/v2\/pages\/3337\/revisions"}],"predecessor-version":[{"id":5897,"href":"https:\/\/www.pei.si\/en\/wp-json\/wp\/v2\/pages\/3337\/revisions\/5897"}],"up":[{"embeddable":true,"href":"https:\/\/www.pei.si\/en\/wp-json\/wp\/v2\/pages\/3340"}],"wp:attachment":[{"href":"https:\/\/www.pei.si\/en\/wp-json\/wp\/v2\/media?parent=3337"}],"curies":[{"name":"wp","href":"https:\/\/api.w.org\/{rel}","templated":true}]}}