{"id":3339,"date":"2018-11-30T14:09:27","date_gmt":"2018-11-30T14:09:27","guid":{"rendered":"https:\/\/www.pei.si\/pisa-2015\/"},"modified":"2021-10-08T05:50:09","modified_gmt":"2021-10-08T05:50:09","slug":"pisa-2015","status":"publish","type":"page","link":"https:\/\/www.pei.si\/en\/research-activities\/international-comparative-research-studies-in-the-field-of-knowledge\/pisa\/pisa-2015\/","title":{"rendered":"PISA 2015"},"content":{"rendered":"<p>Leta 2015 je bilo poudarjeno podro\u010dje preverjanja v raziskavi naravoslovna pismenost, bralna in matemati\u010dna pismenost pa sta bili v preizkusih predstavljeni z manj\u0161im \u0161tevilom nalog.<\/p>\n<p>Na tiskovni konferenci smo prikazali prve mednarodne primerjave dose\u017ekov slovenskih u\u010denk in u\u010dencev ter trende teh rezultatov od leta 2006 naprej, ko je Slovenija prvi\u010d sodelovala v raziskavi PISA. Predstavili smo, katera so mo\u010dna in \u0161ibka vsebinska in kognitivna podro\u010dja znanja u\u010denk in u\u010dencev po svetu in pri nas in kak\u0161na so njihova stali\u0161\u010da do u\u010denja naravoslovja.<\/p>\n<p>Ve\u010d o rezultatih lahko preberete v spodaj na\u0161tethi dokumentih:<\/p>\n<ul>\n<li><a href=\"https:\/\/www.pei.si\/wp-content\/uploads\/2018\/12\/PISA2015NacionalnoPorocilo_krajse.pdf\">Nacionalno poro\u010dilo (kraj\u0161a razli\u010dica)<\/a><\/li>\n<li><a href=\"https:\/\/www.pei.si\/wp-content\/uploads\/2018\/12\/PISA2015NacionalnoPorocilo.pdf\">Nacionalno poro\u010dilo (dalj\u0161a razli\u010dica)<\/a><\/li>\n<li><a href=\"https:\/\/www.pei.si\/wp-content\/uploads\/2018\/12\/izjava-za-medije-1.pdf\">Izjava za medije<\/a><\/li>\n<li><a href=\"https:\/\/www.pei.si\/wp-content\/uploads\/2018\/12\/PISA-2015-tiskovka-dec16.pdf\">PPT predstavitev iz novinarske konference 6.12.2016<\/a><\/li>\n<\/ul>\n<p>&nbsp;<\/p>\n<p>Ob ugotavljanju bralnih, matemati\u010dnih in naravoslovnih dose\u017ekov, v raziskavi ugotavljamo tudi nekatere kazalnike blagostanja u\u010denk in u\u010dencev. Koncept blagostanja je kompleksen, ve\u010d-dimenzionalen konstrukt, ki ga je nemogo\u010de ugotavljati zgolj na podlagi enega indikatorja. Je produkt posameznikovih zna\u010dilnosti, \u017eivljenjskega okolja, njegovih interakcij v bli\u017enjem in oddaljenem socialnem okolju, kulturnih vrednot, norm in dru\u017ebenih sprememb. V raziskavi PISA blagostanje u\u010denk in u\u010dencev obravnavamo z vidika posameznika, in sicer z vidika nekaterih psiholo\u0161kih, kognitivnih in socialnih zna\u010dilnosti mladih, ki so pomembne za sre\u010dno in izpopolnjujo\u010de \u017eivljenje. Ugotavljamo naslednje indikatorje blagostanja: zadovoljstvo z \u017eivljenjem, strah pred preverjanjem znanja, storilnostna motivacija, ob\u010dutek pripadnosti \u0161oli in medvrstni\u0161ko nasilje v \u0161oli. Sicer ne gre za celostno obravnavo blagostanja, ki naj bi vklju\u010devala tudi na primer kazalnike o zdravju u\u010denk in u\u010dencev, vendar pa je v tej raziskavi mogo\u010de ugotavljati pomembne povezave med dolo\u010denimi kazalniki blagostanja, ki izhajajo iz odgovorov u\u010denk in u\u010dencev, z dose\u017eki in drugimi kazalniki kakovosti v izobra\u017eevanju.<\/p>\n<p><strong>\u00a0<\/strong>Ve\u010d o rezultatih o blagostanju in odzivih medijev lahko najdete na teh povezavah:<\/p>\n<ul>\n<li><a href=\"https:\/\/www.dnevnik.si\/1042769457\/slovenija\/pisa-2015-slovenski-solarji-so-nadpovprecno-uspesni-a-le-povprecno-zadovoljni-s-svojim-zivljenjem-\">PISA 2015: Slovenski \u0161olarji so nadpovpre\u010dno uspe\u0161ni, a le povpre\u010dno zadovoljni s svojim \u017eivljenjem (Dnevnik)<\/a><\/li>\n<li><a href=\"http:\/\/svet24.si\/clanek\/novice\/slovenija\/58f753bbd9a8a\/slovenski-15-letniki-zadovoljni-a-nemotivirani\">Slovenski 15-letniki zadovoljni, a nemotivirani (Svet24)<\/a><\/li>\n<li><a href=\"https:\/\/krog.sta.si\/2378644\/slovenski-15-letniki-zadovoljni-s-svojim-zivljenjem-a-manj-motivirani-za-ucenje\">STAkrog<\/a><\/li>\n<li><a href=\"http:\/\/www.sviz.si\/novice\/3910\/0\/Blagostanje-%C5%A1olark-in-%C5%A1olarjev\">Blagostanje \u0161olark in \u0161olarjev (SVIZ novice)<\/a><\/li>\n<li><a href=\"http:\/\/www.vecer.com\/zadovoljni-z-zivljenjem-in-manj-pripadni-soli-6258159\">Slovenski petnajstletniki zadovoljni z \u017eivljenjem in manj pripadni \u0161oli (Ve\u010der)<\/a><\/li>\n<li><a href=\"http:\/\/m.24ur.com\/novice\/slovenija\/slovenski-15-letniki-zadovoljni-s-svojim-zivljenjem-a-manj-motivirani-za-ucenje.html\">Kako sre\u010dni so slovenski najstniki (24ur.com)<\/a><\/li>\n<\/ul>\n<p>&nbsp;<\/p>\n<p>Objavljeni so rezultati mednarodne raziskave PISA 2015 o skupinskem re\u0161evanju problemsko zasnovanih nalog. Slovenski 15-letniki dosegajo povpre\u010dno raven spretnosti skupinskega re\u0161evanja problemsko zasnovanih nalog, ki so bile poseben del preizkusa znanja v raziskavi PISA 2015. To je prva velika mednarodna raziskava teh spretnosti v svetu.<\/p>\n<ul>\n<li><a href=\"https:\/\/www.pei.si\/wp-content\/uploads\/2018\/12\/PISA_sporocilo.pdf\">Sporo\u010dilo za medije<\/a><\/li>\n<\/ul>\n<p>&nbsp;<\/p>\n<h4 class=\"violet\" align=\"left\">Rezultati blagostanja v PISI 2015<\/h4>\n<p>Ve\u010dina 15-letnikov v Sloveniji je zadovoljna s svojim \u017eivljenjem. Slovenski 15-letniki izra\u017eajo podobno raven strahu pred preverjanjem znanja kot v povpre\u010dju v OECD, nekoliko ni\u017eji ob\u010dutek pripadnosti \u0161oli in ni\u017ejo raven storilnostne motivacije, stopnja medvrstni\u0161kega nasilja pa je glede na njihove odgovore podobna povpre\u010dju OECD.<\/p>\n<p>Ve\u010d o rezultatih:<\/p>\n<ul>\n<li><a href=\"https:\/\/www.pei.si\/wp-content\/uploads\/2018\/12\/PISA_blagostanje_izjava-za-medije.pdf\">izjava za javnost<\/a><\/li>\n<li><a href=\"https:\/\/www.pei.si\/wp-content\/uploads\/2018\/12\/PPT_PISA2015_blagostanje-1.pdf\">PPT predstavitev<\/a><\/li>\n<\/ul>\n<p>&nbsp;<\/p>\n<h4 class=\"violet\" align=\"left\">Druga gradiva<\/h4>\n<ul>\n<li><a href=\"https:\/\/www.pei.si\/wp-content\/uploads\/2021\/10\/PISA2015_CPS.pdf\" target=\"_blank\" rel=\"noopener noreferrer\">Spretnosti sodelovanja pri skupinskem re\u0161evanju problemsko zasnovanih nalog (prvi rezultati)<\/a><\/li>\n<\/ul>\n","protected":false},"excerpt":{"rendered":"<p>Leta 2015 je bilo poudarjeno podro\u010dje preverjanja v raziskavi naravoslovna pismenost, bralna in matemati\u010dna pismenost pa sta bili v preizkusih predstavljeni z manj\u0161im \u0161tevilom nalog. Na tiskovni konferenci smo prikazali prve mednarodne primerjave dose\u017ekov slovenskih u\u010denk in u\u010dencev ter trende teh rezultatov od leta 2006 naprej, ko je Slovenija prvi\u010d sodelovala v raziskavi PISA. Predstavili [&hellip;]<\/p>\n","protected":false},"author":3,"featured_media":0,"parent":3340,"menu_order":0,"comment_status":"closed","ping_status":"closed","template":"","meta":{"_acf_changed":false,"footnotes":""},"class_list":["post-3339","page","type-page","status-publish","hentry"],"acf":[],"_links":{"self":[{"href":"https:\/\/www.pei.si\/en\/wp-json\/wp\/v2\/pages\/3339","targetHints":{"allow":["GET"]}}],"collection":[{"href":"https:\/\/www.pei.si\/en\/wp-json\/wp\/v2\/pages"}],"about":[{"href":"https:\/\/www.pei.si\/en\/wp-json\/wp\/v2\/types\/page"}],"author":[{"embeddable":true,"href":"https:\/\/www.pei.si\/en\/wp-json\/wp\/v2\/users\/3"}],"replies":[{"embeddable":true,"href":"https:\/\/www.pei.si\/en\/wp-json\/wp\/v2\/comments?post=3339"}],"version-history":[{"count":1,"href":"https:\/\/www.pei.si\/en\/wp-json\/wp\/v2\/pages\/3339\/revisions"}],"predecessor-version":[{"id":9056,"href":"https:\/\/www.pei.si\/en\/wp-json\/wp\/v2\/pages\/3339\/revisions\/9056"}],"up":[{"embeddable":true,"href":"https:\/\/www.pei.si\/en\/wp-json\/wp\/v2\/pages\/3340"}],"wp:attachment":[{"href":"https:\/\/www.pei.si\/en\/wp-json\/wp\/v2\/media?parent=3339"}],"curies":[{"name":"wp","href":"https:\/\/api.w.org\/{rel}","templated":true}]}}