{"id":3342,"date":"2018-11-30T14:03:47","date_gmt":"2018-11-30T14:03:47","guid":{"rendered":"https:\/\/www.pei.si\/timss-2011\/"},"modified":"2018-11-30T14:03:47","modified_gmt":"2018-11-30T14:03:47","slug":"timss-2011","status":"publish","type":"page","link":"https:\/\/www.pei.si\/en\/research-activities\/international-comparative-research-studies-in-the-field-of-knowledge\/timss\/timss-2011\/","title":{"rendered":"TIMSS 2011"},"content":{"rendered":"<p>TIMSS, Trends in International Mathematics and Science Study, je mednarodna\u00a0raziskava trendov znanja matematike in naravoslovja. Izvaja se v \u0161tiriletnih krogih. Prva TIMSS raziskava je bila izvedena leta 1995, v letu 2011 pa smo izpeljali \u017ee peto ponovitev raziskave, TIMSS 2011. Raziskavo vodi Mednarodni projektni center,\u00a0<a href=\"http:\/\/timss.bc.edu\/\">ISC<\/a>, na univerzi Boston College, ZDA.\u00a0TIMSS\u00a0je eden od raziskovalnih projektov Mednarodne zveze za prou\u010devanje u\u010dinkov izobra\u017eevanja,\u00a0<a href=\"http:\/\/www.iea.nl\/\">IEA<\/a>.<\/p>\n<p>&nbsp;<\/p>\n<h4><strong>Kaj merimo v TIMSS?<\/strong><strong>\u00a0<\/strong><\/h4>\n<p>V\u00a0TIMSS izmerimo znanje matematike in naravoslovja med u\u010denci \u010detrtih in osmih razredov s pomo\u010djo enotnih preizkusov znanja. Z vpra\u0161alniki za u\u010dence, u\u010ditelje in ravnatelje zberemo informacije o dejavnikih, ki so povezani z doseganjem znanja. Zasnova preizkusov in vpra\u0161alnikov je opisana v knji\u017eici\u00a0Izhodi\u0161\u010da raziskave TIMSS 2011.\u00a0Podatke o re\u0161evanju nalog in poro\u010dila o dejavnikih pove\u017eemo med seboj. Med dr\u017eavami in znotraj Slovenije primerjamo matemati\u010dne in naravoslovne dose\u017eke u\u010dencev in vpliv dejavnikov na te dose\u017eke. Dejavniki obsegajo ravni u\u010dencev, razreda in \u0161ole. Dejavnike in dose\u017eke primerjamo z izsledki TIMSS iz prej\u0161njih let in jih prika\u017eemo v obliki trendov.<\/p>\n<p>&nbsp;<\/p>\n<h4><strong>Katere dr\u017eave sodelujejo?<\/strong><\/h4>\n<p>Raziskavo TIMSS lahko izvaja vsaka dr\u017eava \u010dlanica IEA, vendar le po skupni mednarodni metodologiji, ki zagotavlja visoke standarde kvalitete zbiranja, analiziranja in poro\u010danja o zbranih podatkih. Izhodi\u0161\u010da in zasnovo raziskave sprejme skup\u0161\u010dina IEA, ki jo sestavljajo predstavniki vseh dr\u017eav \u010dlanic. V TIMSS 2011 sodeluje\u00a0<a href=\"http:\/\/timss.bc.edu\/timss2011\/countries.html\">63 dr\u017eav in 14 samostojnih \u0161olskih sistemov.<\/a><\/p>\n<p>&nbsp;<\/p>\n<h4><strong>Kateri u\u010denci sodelujejo?<\/strong><strong>\u00a0<\/strong><\/h4>\n<p>V vsaki dr\u017eavi se dolo\u010di vzorec \u0161ol, najmanj 150, na njih pa vzorec razredov u\u010dencev, ki so vklju\u010deni v preizkuse znanja. V povpre\u010dju je v dr\u017eavi zajetih v re\u0161evanje preizkusov ve\u010d tiso\u010d otrok posamezne starostne skupine ter ravnatelji \u0161ol, razredni u\u010ditelji ali u\u010ditelji matematike in naravoslovnih predmetov teh otrok. V letu 2011 je bilo v TIMSS zajetih 205 slovenskih \u0161ol, na vsaki pa po eden ali dva razreda u\u010dencev obeh ali ene starosti. V \u010detrtem razredu so bile vzor\u010dene tako mati\u010dne \u0161ole kot podru\u017enice (skupaj 195 \u0161ol) in v osmem razredu mati\u010dne \u0161ole (186 \u0161ol). Iz vzor\u010denja so bile izvzete \u0161ole z italijanskim jezikom ter \u0161ole za otroke z posebnimi potrebami. Iz vzor\u010denih razredov so bili re\u0161evanja opro\u0161\u010deni u\u010denci s takimi posebnimi potrebami, ki jim ne dovoljujejo dosegati minimalnih standardov znanja ter otroci, ki zaradi po\u0161kodb niso mogli pisati preizkusa.\u00a0\u0160ole, u\u010denci, u\u010ditelji in star\u0161i so se na raziskavo zelo pozitivno odzvali. Zabele\u017eili smo izjemno nizek dele\u017e manjkajo\u010dih u\u010dencev in neodgovorjenih vpra\u0161alnikov, precej pod 10%. Vsem se zahvaljujemo za odziv in vlo\u017eeno delo v izpeljavo raziskave!<\/p>\n","protected":false},"excerpt":{"rendered":"<p>TIMSS, Trends in International Mathematics and Science Study, je mednarodna\u00a0raziskava trendov znanja matematike in naravoslovja. Izvaja se v \u0161tiriletnih krogih. Prva TIMSS raziskava je bila izvedena leta 1995, v letu 2011 pa smo izpeljali \u017ee peto ponovitev raziskave, TIMSS 2011. Raziskavo vodi Mednarodni projektni center,\u00a0ISC, na univerzi Boston College, ZDA.\u00a0TIMSS\u00a0je eden od raziskovalnih projektov Mednarodne [&hellip;]<\/p>\n","protected":false},"author":3,"featured_media":0,"parent":3345,"menu_order":0,"comment_status":"closed","ping_status":"closed","template":"","meta":{"_acf_changed":false,"footnotes":""},"class_list":["post-3342","page","type-page","status-publish","hentry"],"acf":[],"_links":{"self":[{"href":"https:\/\/www.pei.si\/en\/wp-json\/wp\/v2\/pages\/3342","targetHints":{"allow":["GET"]}}],"collection":[{"href":"https:\/\/www.pei.si\/en\/wp-json\/wp\/v2\/pages"}],"about":[{"href":"https:\/\/www.pei.si\/en\/wp-json\/wp\/v2\/types\/page"}],"author":[{"embeddable":true,"href":"https:\/\/www.pei.si\/en\/wp-json\/wp\/v2\/users\/3"}],"replies":[{"embeddable":true,"href":"https:\/\/www.pei.si\/en\/wp-json\/wp\/v2\/comments?post=3342"}],"version-history":[{"count":0,"href":"https:\/\/www.pei.si\/en\/wp-json\/wp\/v2\/pages\/3342\/revisions"}],"up":[{"embeddable":true,"href":"https:\/\/www.pei.si\/en\/wp-json\/wp\/v2\/pages\/3345"}],"wp:attachment":[{"href":"https:\/\/www.pei.si\/en\/wp-json\/wp\/v2\/media?parent=3342"}],"curies":[{"name":"wp","href":"https:\/\/api.w.org\/{rel}","templated":true}]}}