{"id":3345,"date":"2018-11-30T14:02:18","date_gmt":"2018-11-30T14:02:18","guid":{"rendered":"https:\/\/www.pei.si\/timss\/"},"modified":"2026-03-04T10:53:08","modified_gmt":"2026-03-04T10:53:08","slug":"timss","status":"publish","type":"page","link":"https:\/\/www.pei.si\/en\/research-activities\/international-comparative-research-studies-in-the-field-of-knowledge\/timss\/","title":{"rendered":"TIMSS"},"content":{"rendered":"<h4>Mednarodne raziskave trendov v znanju matematike in naravoslovja (Trends in International Mathematics and Science Study &#8211; TIMSS)<\/h4>\n<p>Mednarodne raziskave trendov v znanju matematike in naravoslovja (Trends in International Mathematics and Science Study &#8211; TIMSS)\u00a0 so projekti Mednarodne organizacije za merjenje u\u010dinkov izobra\u017eevanja, IEA \u2013 International Association for the Evaluation of Educational Achievement. V IEA so v\u010dlanjene institucije iz ve\u010d kot 60 dr\u017eav sveta, ki v sodelovanju izvajajo skupne mednarodne raziskave s podro\u010dja izobra\u017eevanja.<\/p>\n<p>Raziskave TIMSS merijo trende v dose\u017ekih u\u010dencev pri matematiki in naravoslovju tako, da primerjajo dose\u017eke na enotnih preizkusih znanja pribli\u017eno enako starih otrok, ki imajo za sabo enako \u0161tevilo let \u0161olanja. Dose\u017eke pojasnjujejo z dejavniki pridobivanja znanja v \u0161oli in izven nje, ki jih merijo s pomo\u010djo vpra\u0161alnikov za u\u010dence, u\u010ditelje in vodstva \u0161ol.<\/p>\n<p>Namen raziskave TIMSS je na mednarodni ravni omogo\u010diti dr\u017eavam, da z enakimi preizkusi znanja v enakih pogojih ugotovijo raven znanja svojih \u0161olarjev iz vsebin, ki se jih imajo prilo\u017enost nau\u010diti v \u0161oli. Naloge v preizkusih znanja zajemajo snov, ki je zajeta v u\u010dnih na\u010drtih vseh sodelujo\u010dih dr\u017eav. V sodelujo\u010dih dr\u017eavah isto\u010dasno in na enak na\u010din izmerijo tudi stali\u0161\u010da u\u010dencev, u\u010diteljev in ravnateljev \u0161ol do pou\u010devanja in znanja, pa tudi druge dejavnike, ki vplivajo na pridobivanje znanja. V mednarodnih primerjavah ugotavljajo ugodne in neugodne dejavnike svojih \u0161olskih sistemov ter jih izbolj\u0161ujejo.<\/p>\n<p>Na nacionalni ravni vsaka dr\u017eava opazuje dogajanje v izobra\u017eevanju v dr\u017eavi skozi leta, opazuje u\u010dinke prenov in sistemskih sprememb ter raziskuje razlike med posameznimi skupinami u\u010dencev (razli\u010dnih jezikovnih skupin, u\u010dencev v zasebnih ali javnih \u0161olah, de\u010dkov in deklic, v razli\u010dnih regijah dr\u017eave..). V ta namen lahko dr\u017eave dodajo k mednarodnemu zbiranju podatkov \u0161e manj\u0161e nacionalne projekte.<\/p>\n<p>Zajemi:<\/p>\n<ul>\n<li><a href=\"https:\/\/www.pei.si\/raziskovalna-dejavnost\/mednarodne-raziskave\/timss\/timss-2027\/\">TIMSS 2027<\/a><\/li>\n<li><a href=\"https:\/\/www.pei.si\/raziskovalna-dejavnost\/mednarodne-raziskave\/timss\/timss-2023\/\" target=\"_blank\" rel=\"noopener noreferrer\">TIMSS 2023 in Longitudinalna \u0161tudija TIMSS 2024<\/a><\/li>\n<li><a href=\"https:\/\/www.pei.si\/en\/research-activities\/international-comparative-research-studies-in-the-field-of-knowledge\/timss\/timss-za-maturante-2015\/\">TIMSS za maturante 2015<\/a><\/li>\n<li><a href=\"https:\/\/www.pei.si\/en\/research-activities\/international-comparative-research-studies-in-the-field-of-knowledge\/timss\/timss-2015\/\">TIMSS 2015<\/a><\/li>\n<li><a href=\"https:\/\/www.pei.si\/en\/research-activities\/international-comparative-research-studies-in-the-field-of-knowledge\/timss\/timss-2011\/\">TIMSS 2011<\/a><\/li>\n<li><a href=\"https:\/\/www.pei.si\/en\/research-activities\/international-comparative-research-studies-in-the-field-of-knowledge\/timss\/timss-advanced-2011\/\">TIMSS advanced 2008<\/a><\/li>\n<li><a href=\"https:\/\/www.pei.si\/en\/research-activities\/international-comparative-research-studies-in-the-field-of-knowledge\/timss\/timss-2007\/\">TIMSS 2007<\/a><\/li>\n<li><a href=\"https:\/\/www.pei.si\/en\/research-activities\/international-comparative-research-studies-in-the-field-of-knowledge\/timss\/timss-2003\/\">TIMSS 2003<\/a><\/li>\n<li><a href=\"https:\/\/www.pei.si\/en\/research-activities\/international-comparative-research-studies-in-the-field-of-knowledge\/timss\/timss-1999\/\">TIMSS 1999<\/a><\/li>\n<li><a href=\"https:\/\/www.pei.si\/en\/research-activities\/international-comparative-research-studies-in-the-field-of-knowledge\/timss\/timss-1995\/\">TIMSS 1995<\/a><\/li>\n<\/ul>\n","protected":false},"excerpt":{"rendered":"<p>Mednarodne raziskave trendov v znanju matematike in naravoslovja (Trends in International Mathematics and Science Study &#8211; TIMSS) Mednarodne raziskave trendov v znanju matematike in naravoslovja (Trends in International Mathematics and Science Study &#8211; TIMSS)\u00a0 so projekti Mednarodne organizacije za merjenje u\u010dinkov izobra\u017eevanja, IEA \u2013 International Association for the Evaluation of Educational Achievement. V IEA so [&hellip;]<\/p>\n","protected":false},"author":3,"featured_media":0,"parent":3374,"menu_order":0,"comment_status":"closed","ping_status":"closed","template":"","meta":{"_acf_changed":false,"footnotes":""},"class_list":["post-3345","page","type-page","status-publish","hentry"],"acf":[],"_links":{"self":[{"href":"https:\/\/www.pei.si\/en\/wp-json\/wp\/v2\/pages\/3345","targetHints":{"allow":["GET"]}}],"collection":[{"href":"https:\/\/www.pei.si\/en\/wp-json\/wp\/v2\/pages"}],"about":[{"href":"https:\/\/www.pei.si\/en\/wp-json\/wp\/v2\/types\/page"}],"author":[{"embeddable":true,"href":"https:\/\/www.pei.si\/en\/wp-json\/wp\/v2\/users\/3"}],"replies":[{"embeddable":true,"href":"https:\/\/www.pei.si\/en\/wp-json\/wp\/v2\/comments?post=3345"}],"version-history":[{"count":6,"href":"https:\/\/www.pei.si\/en\/wp-json\/wp\/v2\/pages\/3345\/revisions"}],"predecessor-version":[{"id":14862,"href":"https:\/\/www.pei.si\/en\/wp-json\/wp\/v2\/pages\/3345\/revisions\/14862"}],"up":[{"embeddable":true,"href":"https:\/\/www.pei.si\/en\/wp-json\/wp\/v2\/pages\/3374"}],"wp:attachment":[{"href":"https:\/\/www.pei.si\/en\/wp-json\/wp\/v2\/media?parent=3345"}],"curies":[{"name":"wp","href":"https:\/\/api.w.org\/{rel}","templated":true}]}}