{"id":3347,"date":"2018-11-30T13:55:19","date_gmt":"2018-11-30T13:55:19","guid":{"rendered":"https:\/\/www.pei.si\/druzbena-pogodba\/"},"modified":"2019-03-19T09:28:46","modified_gmt":"2019-03-19T09:28:46","slug":"druzbena-pogodba","status":"publish","type":"page","link":"https:\/\/www.pei.si\/en\/research-activities\/programmes\/druzbena-pogodba\/","title":{"rendered":"Dru\u017ebena pogodba"},"content":{"rendered":"<p><strong>Izvajalec programa na PI: <a href=\"https:\/\/www.pei.si\/en\/zaposleni\/sardoc-mitja\/\">dr. Mitja Sardo\u010d<\/a><\/strong><\/p>\n<p><strong>\u00a0<\/strong><em>vir oz. financer<\/em>: ARRS, raziskovalni program\/programska skupina<\/p>\n<p><em>\u010dasovno obdobje trajanja programa: <\/em>\u00a02015 \u2013 2019<\/p>\n<p>&nbsp;<\/p>\n<p><em>splo\u0161ni cilji programa:<\/em><\/p>\n<p>Osnovni cilj raziskovalnega programa \u2018Dru\u017ebena pogodba v 21. stoletju\u2019 je analizirati razli\u010dne dejavnike (sociolo\u0161ke, filozofske in pedago\u0161ke) dru\u017ebene pogodbe. Delo \u010dlanov programske skupine je razdeljeno v tri vsebinske sklope, in sicer (1) v histori\u010dno-sociolo\u0161ki, (2) filozofsko-eti\u010dni ter (3) izobra\u017eevalno-pedago\u0161ki.<\/p>\n<p>Na Pedago\u0161kem in\u0161titutu bomo v petletnem obdobju financiranja (2015-2019) izvajali raziskovalne dejavnosti na podro\u010dju ciljev, ki se nana\u0161ajo na izobra\u017eevalno-pedago\u0161ki vsebinski sklop raziskovalnega programa. Na podlagi opravljenega raziskovalnega dela v obdobju 2015\u20132017, bo v letu 2018 poseben poudarek namenjen raziskovanju na naslednjih vsebinskih podro\u010djih:<\/p>\n<ul>\n<li>talenti, enake mo\u017enosti in dru\u017ebena (ne)enakost;<\/li>\n<li>patriotizem (in njegova kritika);<\/li>\n<li>radikalizacija, nasilni ekstremizem in multikulturalizem strahu; ter<\/li>\n<li>slogani v vzgoji in izobra\u017eevanju.<\/li>\n<\/ul>\n<p>V letu 2018 bo posebna pozornost namenjena problematiki talentov in naravne loterije ter s tem povezano idejo enakih izobra\u017eevalnih mo\u017enosti; kritiki patriotizma; radikalizacije in nasilnega ekstremizma ter sloganom v diskurzu vzgoje in izobra\u017eevanja.<\/p>\n<p>V letu 2018 bo \u010dlan programske skupine &#8216;Dru\u017ebena pogodba v 21. stoletju&#8217; pri znanstveni zalo\u017ebi Springer izdal <a href=\"http:\/\/refworks.springer.com\/mrw\/index.php?id=7392\"><em>Handbook of Patriotism<\/em><\/a> ter nadaljeval skupno uredni\u0161ko delo (prof. Lesley A. Jacobs in Michael A. Peters) za <em>Handbook of Equality of Opportunity<\/em>. V letu 2018 so v na\u010drtu tudi prijave na projekte ARRS (v okviru razpisa za temeljne in aplikativne raziskovalne projekte). Posebna pozornost bo namenjena tudi diseminaciji znanstveno-raziskovalnega dela skozi objave v \u010dasopisih (npr. v rubriki &#8216;Gostujo\u010de pero&#8217; \u010dasnika <em>Delo<\/em>) ter izvedbo posvetov za \u0161ir\u0161o strokovno javnost (npr. &#8216;PI pogovori&#8217; v soorganizaciji s Trubarjevo hi\u0161o literature (I. posvet\/sre\u010danje: &#8216;Talenti, naravna loterija in dru\u017ebena (ne)enakost&#8217;; II. posvet\/sre\u010danje: &#8216;Radikalizacija, nasilni ekstremizem in multikulturalizem strahu&#8217;).<\/p>\n<p>&nbsp;<\/p>\n<p><a href=\"http:\/\/www.sicris.si\/public\/jqm\/prg.aspx?lang=slv&amp;opdescr=search&amp;opt=2&amp;subopt=700&amp;code1=cmn&amp;code2=auto&amp;psize=1&amp;hits=1&amp;page=1&amp;count=&amp;search_term=sardo%C4%8D%20mitja&amp;id=9798&amp;slng=&amp;order_by=\">SICRIS<\/a><\/p>\n<p><em>prijavitelj\/vodilna organizacija:<\/em> Univerza v Ljubljani, Filozofska Fakulteta<\/p>\n<p><em>vodja programa\/programske skupine:<\/em> prof. dr. Ksenija Vidmar Horvat (UL FF)<\/p>\n<p><em>sodelujo\u010de partnerske organizacije: <\/em>Znanstveno raziskovalno sredi\u0161\u010de Koper, Pedago\u0161ki in\u0161titut<\/p>\n","protected":false},"excerpt":{"rendered":"<p>Izvajalec programa na PI: dr. Mitja Sardo\u010d \u00a0vir oz. financer: ARRS, raziskovalni program\/programska skupina \u010dasovno obdobje trajanja programa: \u00a02015 \u2013 2019 &nbsp; splo\u0161ni cilji programa: Osnovni cilj raziskovalnega programa \u2018Dru\u017ebena pogodba v 21. stoletju\u2019 je analizirati razli\u010dne dejavnike (sociolo\u0161ke, filozofske in pedago\u0161ke) dru\u017ebene pogodbe. Delo \u010dlanov programske skupine je razdeljeno v tri vsebinske sklope, in [&hellip;]<\/p>\n","protected":false},"author":3,"featured_media":0,"parent":3350,"menu_order":0,"comment_status":"closed","ping_status":"closed","template":"","meta":{"_acf_changed":false,"footnotes":""},"class_list":["post-3347","page","type-page","status-publish","hentry"],"acf":[],"_links":{"self":[{"href":"https:\/\/www.pei.si\/en\/wp-json\/wp\/v2\/pages\/3347","targetHints":{"allow":["GET"]}}],"collection":[{"href":"https:\/\/www.pei.si\/en\/wp-json\/wp\/v2\/pages"}],"about":[{"href":"https:\/\/www.pei.si\/en\/wp-json\/wp\/v2\/types\/page"}],"author":[{"embeddable":true,"href":"https:\/\/www.pei.si\/en\/wp-json\/wp\/v2\/users\/3"}],"replies":[{"embeddable":true,"href":"https:\/\/www.pei.si\/en\/wp-json\/wp\/v2\/comments?post=3347"}],"version-history":[{"count":1,"href":"https:\/\/www.pei.si\/en\/wp-json\/wp\/v2\/pages\/3347\/revisions"}],"predecessor-version":[{"id":4069,"href":"https:\/\/www.pei.si\/en\/wp-json\/wp\/v2\/pages\/3347\/revisions\/4069"}],"up":[{"embeddable":true,"href":"https:\/\/www.pei.si\/en\/wp-json\/wp\/v2\/pages\/3350"}],"wp:attachment":[{"href":"https:\/\/www.pei.si\/en\/wp-json\/wp\/v2\/media?parent=3347"}],"curies":[{"name":"wp","href":"https:\/\/api.w.org\/{rel}","templated":true}]}}