{"id":3361,"date":"2018-07-19T12:21:26","date_gmt":"2018-07-19T12:21:26","guid":{"rendered":"https:\/\/www.pei.si\/povzetek_siegel\/"},"modified":"2019-03-26T13:26:15","modified_gmt":"2019-03-26T13:26:15","slug":"povzetek_siegel","status":"publish","type":"page","link":"https:\/\/www.pei.si\/en\/conference2019\/konferenca-2017\/vabljeni-predavatelji\/povzetek_siegel\/","title":{"rendered":"Povzetek predavanj prof. Harvey Siegel: Should Teachers Aim for Student Belief?: The Case of Evolution"},"content":{"rendered":"<hr \/>\n<h3>Ali naj si u\u010ditelji prizadevajo, da prepri\u010dajo u\u010dence? Primer evolucije<\/h3>\n<hr \/>\n<p>Polemika med evolucijo in kreacionizmom \u017ee skoraj dve stoletji mu\u010di javno \u0161olsko naravoslovno izobra\u017eevanje v Zdru\u017eenih dr\u017eavah Amerike. Glede na znanstvene dose\u017eke bi moralo biti to vpra\u0161anje treba vpra\u0161anje \u017ee dolgo re\u0161eno. Dejstvo, da ni, ka\u017ee na to, da je na kocki ve\u010d, kot le nasprotujo\u010di si znanstveni dose\u017eki. V tem predavanju bo avtor na kratko pregledal zgodovino, predstavil pogled, da je spor najbolje viden ne le v znanstvenem, ampak tudi v \u0161ir\u0161em kulturnem smislu, in da je vpra\u0161anje na podro\u010dju izobra\u017eevanja najbolje re\u0161iti s poudarkom na prepri\u010danju \u0161tudentov: kaj natan\u010dno naj u\u010ditelji naravoslovja pri\u010dakujejo od svojih u\u010dencev, da verjamejo? Ob tem bo avtor obravnaval tudi splo\u0161nej\u0161a vpra\u0161anja o ciljih izobra\u017eevanja.<\/p>\n<hr \/>\n<h3>Should Teachers Aim for Student Belief?: The Case of Evolution<\/h3>\n<hr \/>\n<p>The Evolution\/Creationism-Intelligent Design controversy has bedeviled public school science education in the United States for nearly two centuries. On the scientific merits, the issue should have been resolved long ago. The fact that it hasn\u2019t suggests that more is at stake than the scientific merits of the opposing views. In this talk I briefly review the history, argue that the controversy is best seen not just in scientific but also in broadly cultural terms, and that the educational issue is best resolved by focusing on student\u00a0belief: what exactly should science teachers expect their students to believe? Along the way more general questions about the aims of education will be addressed.<\/p>\n<p><a href=\"http:\/\/www.pei.si\/wp-content\/uploads\/2018\/07\/PPT_Siegel.pdf\" target=\"_blank\" rel=\"noopener\">PPT prezentacija predavanja<\/a><\/p>\n","protected":false},"excerpt":{"rendered":"<p>Ali naj si u\u010ditelji prizadevajo, da prepri\u010dajo u\u010dence? Primer evolucije Polemika med evolucijo in kreacionizmom \u017ee skoraj dve stoletji mu\u010di javno \u0161olsko naravoslovno izobra\u017eevanje v Zdru\u017eenih dr\u017eavah Amerike. Glede na znanstvene dose\u017eke bi moralo biti to vpra\u0161anje treba vpra\u0161anje \u017ee dolgo re\u0161eno. Dejstvo, da ni, ka\u017ee na to, da je na kocki ve\u010d, kot le [&hellip;]<\/p>\n","protected":false},"author":3,"featured_media":0,"parent":3362,"menu_order":0,"comment_status":"closed","ping_status":"closed","template":"","meta":{"_acf_changed":false,"footnotes":""},"class_list":["post-3361","page","type-page","status-publish","hentry"],"acf":[],"_links":{"self":[{"href":"https:\/\/www.pei.si\/en\/wp-json\/wp\/v2\/pages\/3361","targetHints":{"allow":["GET"]}}],"collection":[{"href":"https:\/\/www.pei.si\/en\/wp-json\/wp\/v2\/pages"}],"about":[{"href":"https:\/\/www.pei.si\/en\/wp-json\/wp\/v2\/types\/page"}],"author":[{"embeddable":true,"href":"https:\/\/www.pei.si\/en\/wp-json\/wp\/v2\/users\/3"}],"replies":[{"embeddable":true,"href":"https:\/\/www.pei.si\/en\/wp-json\/wp\/v2\/comments?post=3361"}],"version-history":[{"count":1,"href":"https:\/\/www.pei.si\/en\/wp-json\/wp\/v2\/pages\/3361\/revisions"}],"predecessor-version":[{"id":4592,"href":"https:\/\/www.pei.si\/en\/wp-json\/wp\/v2\/pages\/3361\/revisions\/4592"}],"up":[{"embeddable":true,"href":"https:\/\/www.pei.si\/en\/wp-json\/wp\/v2\/pages\/3362"}],"wp:attachment":[{"href":"https:\/\/www.pei.si\/en\/wp-json\/wp\/v2\/media?parent=3361"}],"curies":[{"name":"wp","href":"https:\/\/api.w.org\/{rel}","templated":true}]}}