{"id":3364,"date":"2018-07-18T17:04:31","date_gmt":"2018-07-18T17:04:31","guid":{"rendered":"https:\/\/www.pei.si\/priznanja-2-2\/"},"modified":"2020-06-06T18:11:54","modified_gmt":"2020-06-06T18:11:54","slug":"priznanja","status":"publish","type":"page","link":"https:\/\/www.pei.si\/en\/conference2019\/conference3rd\/priznanja\/","title":{"rendered":"Priznanja"},"content":{"rendered":"<p>Na konferenci je komisija za priznanja in nagrade Pedago\u0161kega in\u0161tituta v sodelovanju z dru\u0161tvom SLODRE,\u00a0podelila tudi\u00a0<strong>priznanja na podro\u010dju raziskovanja vzgoje in izobra\u017eevanja za leto 2018<\/strong>.\u00a0Nagrajenci v tem letu so bili:<\/p>\n<hr \/>\n<ul>\n<li><a href=\"https:\/\/www.pei.si\/wp-content\/uploads\/2019\/03\/Mithans.pdf\" target=\"_blank\" rel=\"noopener noreferrer\">dr. Monika Mithans<\/a>\u00a0(Univerza v Mariboru, Pedago\u0161ka fakulteta), ki je prejela Priznanje za najbolj\u0161e doktorsko delo na podro\u010dju raziskovanja vzgoje in izobra\u017eevanja za leto 2018,<\/li>\n<li><a href=\"https:\/\/www.pei.si\/wp-content\/uploads\/2019\/03\/Zakelj.pdf\" target=\"_blank\" rel=\"noopener noreferrer\">izr. prof. dr. Amalija \u017dakelj<\/a> (Univerza na Primorskem, Pedago\u0161ka fakulteta), ki je prejela Priznanje za izjemne dose\u017eke na podro\u010dju raziskovanja vzgoje in izobra\u017eevanja za leto 2018,\u00a0ter<\/li>\n<li><a href=\"https:\/\/www.pei.si\/wp-content\/uploads\/2019\/03\/Strajn.pdf\" target=\"_blank\" rel=\"noopener noreferrer\">prof. dr. Darko \u0160trajn<\/a> (Pedago\u0161ki in\u0161titut), ki je prejel\u00a0Priznanje za \u017eivljenjsko delo na podro\u010dju raziskovanja vzgoje in izobra\u017eevanja za leto 2018.<\/li>\n<\/ul>\n<hr \/>\n<p>Vsem nagrajencem iskreno \u010destitamo!<\/p>\n","protected":false},"excerpt":{"rendered":"<p>Na konferenci je komisija za priznanja in nagrade Pedago\u0161kega in\u0161tituta v sodelovanju z dru\u0161tvom SLODRE,\u00a0podelila tudi\u00a0priznanja na podro\u010dju raziskovanja vzgoje in izobra\u017eevanja za leto 2018.\u00a0Nagrajenci v tem letu so bili: dr. Monika Mithans\u00a0(Univerza v Mariboru, Pedago\u0161ka fakulteta), ki je prejela Priznanje za najbolj\u0161e doktorsko delo na podro\u010dju raziskovanja vzgoje in izobra\u017eevanja za leto 2018, izr. [&hellip;]<\/p>\n","protected":false},"author":3,"featured_media":0,"parent":3245,"menu_order":0,"comment_status":"closed","ping_status":"closed","template":"","meta":{"_acf_changed":false,"footnotes":""},"class_list":["post-3364","page","type-page","status-publish","hentry"],"acf":[],"_links":{"self":[{"href":"https:\/\/www.pei.si\/en\/wp-json\/wp\/v2\/pages\/3364","targetHints":{"allow":["GET"]}}],"collection":[{"href":"https:\/\/www.pei.si\/en\/wp-json\/wp\/v2\/pages"}],"about":[{"href":"https:\/\/www.pei.si\/en\/wp-json\/wp\/v2\/types\/page"}],"author":[{"embeddable":true,"href":"https:\/\/www.pei.si\/en\/wp-json\/wp\/v2\/users\/3"}],"replies":[{"embeddable":true,"href":"https:\/\/www.pei.si\/en\/wp-json\/wp\/v2\/comments?post=3364"}],"version-history":[{"count":4,"href":"https:\/\/www.pei.si\/en\/wp-json\/wp\/v2\/pages\/3364\/revisions"}],"predecessor-version":[{"id":6630,"href":"https:\/\/www.pei.si\/en\/wp-json\/wp\/v2\/pages\/3364\/revisions\/6630"}],"up":[{"embeddable":true,"href":"https:\/\/www.pei.si\/en\/wp-json\/wp\/v2\/pages\/3245"}],"wp:attachment":[{"href":"https:\/\/www.pei.si\/en\/wp-json\/wp\/v2\/media?parent=3364"}],"curies":[{"name":"wp","href":"https:\/\/api.w.org\/{rel}","templated":true}]}}