{"id":3368,"date":"2018-07-18T16:20:22","date_gmt":"2018-07-18T16:20:22","guid":{"rendered":"https:\/\/www.pei.si\/povzetek_salecl\/"},"modified":"2019-03-29T09:56:06","modified_gmt":"2019-03-29T09:56:06","slug":"povzetek_salecl","status":"publish","type":"page","link":"https:\/\/www.pei.si\/en\/conference2019\/conference3rd\/speakers3rd\/povzetek_salecl\/","title":{"rendered":"Povzetek predavanj dr. Renata Salecl: Vzgoja za nevednost v \u010dasu na znanju temelje\u010de ekonomije"},"content":{"rendered":"<hr \/>\n<h3>Vzgoja za nevednost v \u010dasu na znanju temelje\u010de ekonomije<\/h3>\n<hr \/>\n<p>Dana\u0161nji \u010das naj bi temeljil na znanju. Toda vpra\u0161anje je, ali razvoj novih tehnologij dejansko vzpodbuja \u017eeljo po novih znanjih in ali ima res vse \u0161ir\u0161i krog ljudi dostop do novih znanstvenih spoznanj? Predavanje bo najprej obravnavalo vpra\u0161anje vednosti in nevednosti v \u010dasu na znanju temelje\u010de ekonomije, nato pa se bo dotaknilo odnosa do novih tehnologij. Ob tem bo \u0161e posebej izpostavilo problem nevednosti, vezane na nove oblike psiholo\u0161kih manipulacij in dru\u017ebenega nadzorovanja v \u010dasu velikega podatkovja.<\/p>\n<hr \/>\n<p><iframe loading=\"lazy\" title=\"dr. Renata Salecl: Vzgoja za nevednost v \u010dasu na znanju temelje\u010de ekonomije\" width=\"500\" height=\"281\" src=\"https:\/\/www.youtube.com\/embed\/kwsF6cRG6_Q?feature=oembed\" frameborder=\"0\" allow=\"accelerometer; autoplay; clipboard-write; encrypted-media; gyroscope; picture-in-picture; web-share\" referrerpolicy=\"strict-origin-when-cross-origin\" allowfullscreen><\/iframe><\/p>\n<hr \/>\n<h3>Education for ignorance in a knowledge-based economy<\/h3>\n<hr \/>\n<p>Today\u2019s time is based on knowledge. But the question is whether the development of new technologies actually stimulates the desire for new skills and does the wider circle of people really have access to new scientific knowledge? The lecture will first address the issue of knowledge and ignorance in a knowledge-based economy, and then touch the relationship to new technologies. In doing so,\u00a0it will particularly highlight the problem of ignorance, linked to new forms of psychological manipulation and social surveillance at the time of large data.<\/p>\n","protected":false},"excerpt":{"rendered":"<p>Vzgoja za nevednost v \u010dasu na znanju temelje\u010de ekonomije Dana\u0161nji \u010das naj bi temeljil na znanju. Toda vpra\u0161anje je, ali razvoj novih tehnologij dejansko vzpodbuja \u017eeljo po novih znanjih in ali ima res vse \u0161ir\u0161i krog ljudi dostop do novih znanstvenih spoznanj? Predavanje bo najprej obravnavalo vpra\u0161anje vednosti in nevednosti v \u010dasu na znanju temelje\u010de [&hellip;]<\/p>\n","protected":false},"author":3,"featured_media":0,"parent":3365,"menu_order":0,"comment_status":"closed","ping_status":"closed","template":"","meta":{"_acf_changed":false,"footnotes":""},"class_list":["post-3368","page","type-page","status-publish","hentry"],"acf":[],"_links":{"self":[{"href":"https:\/\/www.pei.si\/en\/wp-json\/wp\/v2\/pages\/3368","targetHints":{"allow":["GET"]}}],"collection":[{"href":"https:\/\/www.pei.si\/en\/wp-json\/wp\/v2\/pages"}],"about":[{"href":"https:\/\/www.pei.si\/en\/wp-json\/wp\/v2\/types\/page"}],"author":[{"embeddable":true,"href":"https:\/\/www.pei.si\/en\/wp-json\/wp\/v2\/users\/3"}],"replies":[{"embeddable":true,"href":"https:\/\/www.pei.si\/en\/wp-json\/wp\/v2\/comments?post=3368"}],"version-history":[{"count":3,"href":"https:\/\/www.pei.si\/en\/wp-json\/wp\/v2\/pages\/3368\/revisions"}],"predecessor-version":[{"id":4756,"href":"https:\/\/www.pei.si\/en\/wp-json\/wp\/v2\/pages\/3368\/revisions\/4756"}],"up":[{"embeddable":true,"href":"https:\/\/www.pei.si\/en\/wp-json\/wp\/v2\/pages\/3365"}],"wp:attachment":[{"href":"https:\/\/www.pei.si\/en\/wp-json\/wp\/v2\/media?parent=3368"}],"curies":[{"name":"wp","href":"https:\/\/api.w.org\/{rel}","templated":true}]}}