{"id":3376,"date":"2018-01-24T10:26:39","date_gmt":"2018-01-24T10:26:39","guid":{"rendered":"https:\/\/www.pei.si\/program-2\/"},"modified":"2020-06-06T18:14:33","modified_gmt":"2020-06-06T18:14:33","slug":"program","status":"publish","type":"page","link":"https:\/\/www.pei.si\/en\/conference2019\/konferenca-2016\/program\/","title":{"rendered":"Program"},"content":{"rendered":"<h3><a href=\"http:\/\/www.pei.si\/wp-content\/uploads\/2018\/07\/Program_2016.pdf\" target=\"_blank\" rel=\"noopener noreferrer\">Program<\/a>\u00a0prispevkov po sekcijah:<\/h3>\n<ul>\n<li><a href=\"http:\/\/www.pei.si\/wp-content\/uploads\/2018\/07\/Sola-in-druzba_2016.pdf\" target=\"_blank\" rel=\"noopener noreferrer\">\u0160ola in dru\u017eba<\/a><\/li>\n<li><a href=\"http:\/\/www.pei.si\/wp-content\/uploads\/2018\/07\/Politike_enakost_evavlacija_2016.pdf\" target=\"_blank\" rel=\"noopener noreferrer\">Politike, enakost in evalvacija<\/a><\/li>\n<li><a href=\"http:\/\/www.pei.si\/wp-content\/uploads\/2018\/07\/Ucitelji_delavci_proces_2016.pdf\" target=\"_blank\" rel=\"noopener noreferrer\">U\u010ditelji, pedago\u0161ki delavci in pedago\u0161ki proces<\/a><\/li>\n<li><a href=\"http:\/\/www.pei.si\/wp-content\/uploads\/2018\/07\/Ucna-neuspesnot_2016.pdf\" target=\"_blank\" rel=\"noopener noreferrer\">U\u010dna (ne)uspe\u0161nost<\/a><\/li>\n<li><a href=\"http:\/\/www.pei.si\/wp-content\/uploads\/2018\/07\/Posterji_2016.pdf\" target=\"_blank\" rel=\"noopener noreferrer\">Posterj<\/a>i<\/li>\n<\/ul>\n","protected":false},"excerpt":{"rendered":"<p>Program\u00a0prispevkov po sekcijah: \u0160ola in dru\u017eba Politike, enakost in evalvacija U\u010ditelji, pedago\u0161ki delavci in pedago\u0161ki proces U\u010dna (ne)uspe\u0161nost Posterji<\/p>\n","protected":false},"author":3,"featured_media":0,"parent":3380,"menu_order":0,"comment_status":"closed","ping_status":"closed","template":"template_program.php","meta":{"_acf_changed":false,"footnotes":""},"class_list":["post-3376","page","type-page","status-publish","hentry"],"acf":[],"_links":{"self":[{"href":"https:\/\/www.pei.si\/en\/wp-json\/wp\/v2\/pages\/3376","targetHints":{"allow":["GET"]}}],"collection":[{"href":"https:\/\/www.pei.si\/en\/wp-json\/wp\/v2\/pages"}],"about":[{"href":"https:\/\/www.pei.si\/en\/wp-json\/wp\/v2\/types\/page"}],"author":[{"embeddable":true,"href":"https:\/\/www.pei.si\/en\/wp-json\/wp\/v2\/users\/3"}],"replies":[{"embeddable":true,"href":"https:\/\/www.pei.si\/en\/wp-json\/wp\/v2\/comments?post=3376"}],"version-history":[{"count":2,"href":"https:\/\/www.pei.si\/en\/wp-json\/wp\/v2\/pages\/3376\/revisions"}],"predecessor-version":[{"id":6635,"href":"https:\/\/www.pei.si\/en\/wp-json\/wp\/v2\/pages\/3376\/revisions\/6635"}],"up":[{"embeddable":true,"href":"https:\/\/www.pei.si\/en\/wp-json\/wp\/v2\/pages\/3380"}],"wp:attachment":[{"href":"https:\/\/www.pei.si\/en\/wp-json\/wp\/v2\/media?parent=3376"}],"curies":[{"name":"wp","href":"https:\/\/api.w.org\/{rel}","templated":true}]}}