{"id":3377,"date":"2018-01-24T10:25:43","date_gmt":"2018-01-24T10:25:43","guid":{"rendered":"https:\/\/www.pei.si\/priznanja-2016\/"},"modified":"2020-06-06T18:15:15","modified_gmt":"2020-06-06T18:15:15","slug":"priznanja","status":"publish","type":"page","link":"https:\/\/www.pei.si\/en\/conference2019\/konferenca-2016\/priznanja\/","title":{"rendered":"Priznanja"},"content":{"rendered":"<p>Komisija za priznanja in nagrade Pedago\u0161kega in\u0161tituta, v sodelovanju s Slovenskim dru\u0161tvom raziskovalcev na podro\u010dju edukacije (SLODRE), je <strong>Priznanje za izjemne dose\u017eke na podro\u010dju raziskovanja vzgoje in izobra\u017eevanja za leto 2016 podelila prof. dr. Jurki Lepi\u010dnik Vodopivec<\/strong> s Pedago\u0161ke fakultete Univerze na Primorskem.<\/p>\n<p>Nagrajenki iskreno \u010destitamo!<\/p>\n<hr \/>\n<p><a href=\"http:\/\/www.pei.si\/wp-content\/uploads\/2018\/07\/Predstavitev_izjemni-dosezki_2016.pdf\" target=\"_blank\" rel=\"noopener noreferrer\">PREDSTAVITEV NAGRAJENKE<\/a><\/p>\n","protected":false},"excerpt":{"rendered":"<p>Komisija za priznanja in nagrade Pedago\u0161kega in\u0161tituta, v sodelovanju s Slovenskim dru\u0161tvom raziskovalcev na podro\u010dju edukacije (SLODRE), je Priznanje za izjemne dose\u017eke na podro\u010dju raziskovanja vzgoje in izobra\u017eevanja za leto 2016 podelila prof. dr. Jurki Lepi\u010dnik Vodopivec s Pedago\u0161ke fakultete Univerze na Primorskem. Nagrajenki iskreno \u010destitamo! PREDSTAVITEV NAGRAJENKE<\/p>\n","protected":false},"author":3,"featured_media":0,"parent":3380,"menu_order":0,"comment_status":"closed","ping_status":"closed","template":"","meta":{"_acf_changed":false,"footnotes":""},"class_list":["post-3377","page","type-page","status-publish","hentry"],"acf":[],"_links":{"self":[{"href":"https:\/\/www.pei.si\/en\/wp-json\/wp\/v2\/pages\/3377","targetHints":{"allow":["GET"]}}],"collection":[{"href":"https:\/\/www.pei.si\/en\/wp-json\/wp\/v2\/pages"}],"about":[{"href":"https:\/\/www.pei.si\/en\/wp-json\/wp\/v2\/types\/page"}],"author":[{"embeddable":true,"href":"https:\/\/www.pei.si\/en\/wp-json\/wp\/v2\/users\/3"}],"replies":[{"embeddable":true,"href":"https:\/\/www.pei.si\/en\/wp-json\/wp\/v2\/comments?post=3377"}],"version-history":[{"count":1,"href":"https:\/\/www.pei.si\/en\/wp-json\/wp\/v2\/pages\/3377\/revisions"}],"predecessor-version":[{"id":6637,"href":"https:\/\/www.pei.si\/en\/wp-json\/wp\/v2\/pages\/3377\/revisions\/6637"}],"up":[{"embeddable":true,"href":"https:\/\/www.pei.si\/en\/wp-json\/wp\/v2\/pages\/3380"}],"wp:attachment":[{"href":"https:\/\/www.pei.si\/en\/wp-json\/wp\/v2\/media?parent=3377"}],"curies":[{"name":"wp","href":"https:\/\/api.w.org\/{rel}","templated":true}]}}