{"id":3378,"date":"2018-01-24T10:24:36","date_gmt":"2018-01-24T10:24:36","guid":{"rendered":"https:\/\/www.pei.si\/odbori-2016\/"},"modified":"2020-06-06T18:16:01","modified_gmt":"2020-06-06T18:16:01","slug":"odbori","status":"publish","type":"page","link":"https:\/\/www.pei.si\/en\/conference2019\/konferenca-2016\/odbori\/","title":{"rendered":"Odbori"},"content":{"rendered":"<h3>Programski odbor:<\/h3>\n<hr \/>\n<p>Mitja Sardo\u010d, PhD, Pedago\u0161ki in\u0161titut, predsednik programskega odbora<br \/>\ndr. Ga\u0161per Cankar, Dr\u017eavni izpitni center<br \/>\ndr. Mara Coti\u010d, Pedago\u0161ka fakulteta Univerze na Primorskem<br \/>\ndr. Alenka Flander, CMEPIUS<br \/>\ndr. Alenka Gril, Pedago\u0161ki in\u0161titut<br \/>\ndr. Milena Ivanu\u0161 Grmek, Pedago\u0161ka fakulteta Univerze v Mariboru<br \/>\ndr. Mojca Juri\u0161evi\u010d, Pedago\u0161ka fakulteta Univerze v Ljubljani<br \/>\ndr. Ana Kozina, Pedago\u0161ki in\u0161titut; SLODRE<br \/>\ndr. Jerneja Jager, Pedago\u0161ki in\u0161titut<br \/>\ndr. Marina Luk\u0161i\u010d-Hacin, In\u0161titut za slovensko izseljenstvo in migracije ZRC SAZU<br \/>\ndr. Damijan \u0160tefanc, Filozofska fakulteta Univerze v Ljubljani<br \/>\ndr. Valerija Vendramin, Pedago\u0161ki in\u0161titut<br \/>\ndr. Igor \u017d. \u017dagar, Pedago\u0161ki in\u0161titut<\/p>\n<hr \/>\n<h3>Organizacijski odbor:<\/h3>\n<hr \/>\n<p>dr. Alenka Gril, Pedago\u0161ki in\u0161titut<br \/>\ndr. Ana Kozina, Pedago\u0161ki in\u0161titut; SLODRE<br \/>\nmag. Ana Mleku\u017e, Pedago\u0161ki in\u0161titut<br \/>\ndr. Jerneja Jager, Pedago\u0161ki in\u0161titut<br \/>\nMitja Sardo\u010d, PhD, Pedago\u0161ki in\u0161titut<br \/>\ndr. Igor \u017d. \u017dagar, Pedago\u0161ki in\u0161titut<\/p>\n","protected":false},"excerpt":{"rendered":"<p>Programski odbor: Mitja Sardo\u010d, PhD, Pedago\u0161ki in\u0161titut, predsednik programskega odbora dr. Ga\u0161per Cankar, Dr\u017eavni izpitni center dr. Mara Coti\u010d, Pedago\u0161ka fakulteta Univerze na Primorskem dr. Alenka Flander, CMEPIUS dr. Alenka Gril, Pedago\u0161ki in\u0161titut dr. Milena Ivanu\u0161 Grmek, Pedago\u0161ka fakulteta Univerze v Mariboru dr. Mojca Juri\u0161evi\u010d, Pedago\u0161ka fakulteta Univerze v Ljubljani dr. Ana Kozina, Pedago\u0161ki in\u0161titut; [&hellip;]<\/p>\n","protected":false},"author":3,"featured_media":0,"parent":3380,"menu_order":0,"comment_status":"closed","ping_status":"closed","template":"","meta":{"_acf_changed":false,"footnotes":""},"class_list":["post-3378","page","type-page","status-publish","hentry"],"acf":[],"_links":{"self":[{"href":"https:\/\/www.pei.si\/en\/wp-json\/wp\/v2\/pages\/3378","targetHints":{"allow":["GET"]}}],"collection":[{"href":"https:\/\/www.pei.si\/en\/wp-json\/wp\/v2\/pages"}],"about":[{"href":"https:\/\/www.pei.si\/en\/wp-json\/wp\/v2\/types\/page"}],"author":[{"embeddable":true,"href":"https:\/\/www.pei.si\/en\/wp-json\/wp\/v2\/users\/3"}],"replies":[{"embeddable":true,"href":"https:\/\/www.pei.si\/en\/wp-json\/wp\/v2\/comments?post=3378"}],"version-history":[{"count":1,"href":"https:\/\/www.pei.si\/en\/wp-json\/wp\/v2\/pages\/3378\/revisions"}],"predecessor-version":[{"id":6640,"href":"https:\/\/www.pei.si\/en\/wp-json\/wp\/v2\/pages\/3378\/revisions\/6640"}],"up":[{"embeddable":true,"href":"https:\/\/www.pei.si\/en\/wp-json\/wp\/v2\/pages\/3380"}],"wp:attachment":[{"href":"https:\/\/www.pei.si\/en\/wp-json\/wp\/v2\/media?parent=3378"}],"curies":[{"name":"wp","href":"https:\/\/api.w.org\/{rel}","templated":true}]}}