{"id":3383,"date":"2018-01-24T10:12:03","date_gmt":"2018-01-24T10:12:03","guid":{"rendered":"https:\/\/www.pei.si\/priznanja\/"},"modified":"2019-03-26T10:35:00","modified_gmt":"2019-03-26T10:35:00","slug":"priznanja","status":"publish","type":"page","link":"https:\/\/www.pei.si\/en\/conference2019\/konferenca-2017\/priznanja\/","title":{"rendered":"Priznanja"},"content":{"rendered":"<p>Na konferenci je komisija za priznanja in nagrade Pedago\u0161kega in\u0161tituta v sodelovanju z dru\u0161tvom SLODRE,\u00a0podelila tudi\u00a0<strong>priznanja na podro\u010dju raziskovanja vzgoje in izobra\u017eevanja za leto 2017<\/strong>.\u00a0Leto\u0161nji nagrajenci so bili:<\/p>\n<hr \/>\n<ul>\n<li><a href=\"http:\/\/www.pei.si\/wp-content\/uploads\/2018\/07\/nagrada_Miklavic.pdf\" target=\"_blank\" rel=\"noopener\">dr. Klemen Miklavi\u010d<\/a>\u00a0(Center za \u0161tudij edukacijskih politik), ki je prejel\u00a0Priznanje za najbolj\u0161e doktorsko delo na podro\u010dju raziskovanja vzgoje in izobra\u017eevanja za leto 2017,<\/li>\n<li><a href=\"http:\/\/www.pei.si\/wp-content\/uploads\/2018\/07\/nagrada_Kosir.pdf\" target=\"_blank\" rel=\"noopener\">prof. dr. Katja Ko\u0161ir<\/a>\u00a0(Pedago\u0161ka fakulteta Univerze v Mariboru), ki je prejela Priznanje za izjemne dose\u017eke na podro\u010dju raziskovanja vzgoje in izobra\u017eevanja za leto 2017,\u00a0ter<\/li>\n<li><a href=\"http:\/\/www.pei.si\/wp-content\/uploads\/2018\/07\/nagrada_Kozuh.pdf\" target=\"_blank\" rel=\"noopener\">prof. dr. Boris Ko\u017euh<\/a>\u00a0(Pedago\u0161ka fakulteta Univerze na Primorskem), ki je prejel\u00a0Priznanje za \u017eivljenjsko delo na podro\u010dju raziskovanja vzgoje in izobra\u017eevanja za leto 2017.<\/li>\n<\/ul>\n<hr \/>\n<p>Vsem nagrajencem iskreno \u010destitamo!<\/p>\n","protected":false},"excerpt":{"rendered":"<p>Na konferenci je komisija za priznanja in nagrade Pedago\u0161kega in\u0161tituta v sodelovanju z dru\u0161tvom SLODRE,\u00a0podelila tudi\u00a0priznanja na podro\u010dju raziskovanja vzgoje in izobra\u017eevanja za leto 2017.\u00a0Leto\u0161nji nagrajenci so bili: dr. Klemen Miklavi\u010d\u00a0(Center za \u0161tudij edukacijskih politik), ki je prejel\u00a0Priznanje za najbolj\u0161e doktorsko delo na podro\u010dju raziskovanja vzgoje in izobra\u017eevanja za leto 2017, prof. dr. Katja Ko\u0161ir\u00a0(Pedago\u0161ka [&hellip;]<\/p>\n","protected":false},"author":3,"featured_media":0,"parent":3385,"menu_order":0,"comment_status":"closed","ping_status":"closed","template":"","meta":{"_acf_changed":false,"footnotes":""},"class_list":["post-3383","page","type-page","status-publish","hentry"],"acf":[],"_links":{"self":[{"href":"https:\/\/www.pei.si\/en\/wp-json\/wp\/v2\/pages\/3383","targetHints":{"allow":["GET"]}}],"collection":[{"href":"https:\/\/www.pei.si\/en\/wp-json\/wp\/v2\/pages"}],"about":[{"href":"https:\/\/www.pei.si\/en\/wp-json\/wp\/v2\/types\/page"}],"author":[{"embeddable":true,"href":"https:\/\/www.pei.si\/en\/wp-json\/wp\/v2\/users\/3"}],"replies":[{"embeddable":true,"href":"https:\/\/www.pei.si\/en\/wp-json\/wp\/v2\/comments?post=3383"}],"version-history":[{"count":1,"href":"https:\/\/www.pei.si\/en\/wp-json\/wp\/v2\/pages\/3383\/revisions"}],"predecessor-version":[{"id":4528,"href":"https:\/\/www.pei.si\/en\/wp-json\/wp\/v2\/pages\/3383\/revisions\/4528"}],"up":[{"embeddable":true,"href":"https:\/\/www.pei.si\/en\/wp-json\/wp\/v2\/pages\/3385"}],"wp:attachment":[{"href":"https:\/\/www.pei.si\/en\/wp-json\/wp\/v2\/media?parent=3383"}],"curies":[{"name":"wp","href":"https:\/\/api.w.org\/{rel}","templated":true}]}}