{"id":3384,"date":"2018-01-24T10:06:14","date_gmt":"2018-01-24T10:06:14","guid":{"rendered":"https:\/\/www.pei.si\/program\/"},"modified":"2018-01-24T10:06:14","modified_gmt":"2018-01-24T10:06:14","slug":"program","status":"publish","type":"page","link":"https:\/\/www.pei.si\/en\/conference2019\/konferenca-2017\/program\/","title":{"rendered":"Program"},"content":{"rendered":"<hr \/>\n<h3><a href=\"http:\/\/www.pei.si\/wp-content\/uploads\/2018\/07\/Program_2017.pdf\" target=\"_blank\" rel=\"noopener\">Program<\/a> vseh prispevkov na konferenci\u00a0in program po sekcijah:<\/h3>\n<hr \/>\n<ul>\n<li><a href=\"http:\/\/www.pei.si\/wp-content\/uploads\/2018\/07\/Sola-in-druzba_2017.pdf\" target=\"_blank\" rel=\"noopener\">\u0160ola in dru\u017eba<\/a><\/li>\n<li><a href=\"http:\/\/www.pei.si\/wp-content\/uploads\/2018\/07\/Izobrazevalne-politike_2017.pdf\" target=\"_blank\" rel=\"noopener\">Izobra\u017eevalne politike<\/a><\/li>\n<li><a href=\"http:\/\/www.pei.si\/wp-content\/uploads\/2018\/07\/Evalvacija_2017.pdf\" target=\"_blank\" rel=\"noopener\">Evalvacija in zagotavljanje kakovosti<\/a><\/li>\n<li><a href=\"http:\/\/www.pei.si\/wp-content\/uploads\/2018\/07\/Profesionalni-razvoj_2017.pdf\" target=\"_blank\" rel=\"noopener\">Profesionalni razvoj pedago\u0161kih delavcev<\/a><\/li>\n<li><a href=\"http:\/\/www.pei.si\/wp-content\/uploads\/2018\/07\/Ucenje_poucevanje_odnosi_2017.pdf\" target=\"_blank\" rel=\"noopener\">U\u010denje, pou\u010devanje in socialni odnosi v \u0161oli<\/a><\/li>\n<li><a href=\"http:\/\/www.pei.si\/wp-content\/uploads\/2018\/07\/Ucna-neuspesnost_2017.pdf\" target=\"_blank\" rel=\"noopener\">Znanje in u\u010dna (ne)uspe\u0161nost<\/a><\/li>\n<li><a href=\"http:\/\/www.pei.si\/wp-content\/uploads\/2018\/07\/Inovativni-pristopi_2017.pdf\" target=\"_blank\" rel=\"noopener\">Inovativni pristopi k u\u010denju in pou\u010devanju<\/a><\/li>\n<li><a href=\"http:\/\/www.pei.si\/wp-content\/uploads\/2018\/07\/Posterji_2017.pdf\" target=\"_blank\" rel=\"noopener\">posterji<\/a><\/li>\n<\/ul>\n","protected":false},"excerpt":{"rendered":"<p>Program vseh prispevkov na konferenci\u00a0in program po sekcijah: \u0160ola in dru\u017eba Izobra\u017eevalne politike Evalvacija in zagotavljanje kakovosti Profesionalni razvoj pedago\u0161kih delavcev U\u010denje, pou\u010devanje in socialni odnosi v \u0161oli Znanje in u\u010dna (ne)uspe\u0161nost Inovativni pristopi k u\u010denju in pou\u010devanju posterji<\/p>\n","protected":false},"author":3,"featured_media":0,"parent":3385,"menu_order":0,"comment_status":"closed","ping_status":"closed","template":"template_program.php","meta":{"_acf_changed":false,"footnotes":""},"class_list":["post-3384","page","type-page","status-publish","hentry"],"acf":[],"_links":{"self":[{"href":"https:\/\/www.pei.si\/en\/wp-json\/wp\/v2\/pages\/3384","targetHints":{"allow":["GET"]}}],"collection":[{"href":"https:\/\/www.pei.si\/en\/wp-json\/wp\/v2\/pages"}],"about":[{"href":"https:\/\/www.pei.si\/en\/wp-json\/wp\/v2\/types\/page"}],"author":[{"embeddable":true,"href":"https:\/\/www.pei.si\/en\/wp-json\/wp\/v2\/users\/3"}],"replies":[{"embeddable":true,"href":"https:\/\/www.pei.si\/en\/wp-json\/wp\/v2\/comments?post=3384"}],"version-history":[{"count":0,"href":"https:\/\/www.pei.si\/en\/wp-json\/wp\/v2\/pages\/3384\/revisions"}],"up":[{"embeddable":true,"href":"https:\/\/www.pei.si\/en\/wp-json\/wp\/v2\/pages\/3385"}],"wp:attachment":[{"href":"https:\/\/www.pei.si\/en\/wp-json\/wp\/v2\/media?parent=3384"}],"curies":[{"name":"wp","href":"https:\/\/api.w.org\/{rel}","templated":true}]}}