{"id":3401,"date":"2018-01-15T11:35:30","date_gmt":"2018-01-15T11:35:30","guid":{"rendered":"https:\/\/www.pei.si\/kontakt\/"},"modified":"2019-08-12T07:38:51","modified_gmt":"2019-08-12T07:38:51","slug":"contact","status":"publish","type":"page","link":"https:\/\/www.pei.si\/en\/contact\/","title":{"rendered":"Contacts"},"content":{"rendered":"<h3><strong>Educational Research Institute<\/strong><\/h3>\n<table>\n<tbody>\n<tr>\n<td style=\"text-align: left;\" width=\"150\"><em>Address:<\/em><\/td>\n<td width=\"382\">Gerbi\u010deva 62, SI-1000 Ljubljana<\/td>\n<td style=\"text-align: left;\"><\/td>\n<\/tr>\n<tr>\n<td style=\"text-align: left;\" width=\"150\"><em>Phone:<\/em><\/td>\n<td width=\"382\"><a href=\"tel:+386 (0)1 420 12 40\">+386 (0)1 420 12 40<\/a> or\u00a0<a href=\"tel:%20+386%20(0)1%20420%2012%2040\">+386\u00a0(0)1 420 12 42<\/a><\/td>\n<td style=\"text-align: left;\"><\/td>\n<\/tr>\n<tr>\n<td style=\"text-align: left;\" width=\"150\"><em>Mobile phone:<\/em><\/td>\n<td width=\"382\"><a href=\"tel:+386%20(0)%2031%20638%20052\">+386 (0) 31 638 052\u00a0<\/a>ali\u00a0<a href=\"tel:+386%20(0)%2031%20638%20053\">+386 (0) 31 638 053<\/a><\/td>\n<td style=\"text-align: left;\"><\/td>\n<\/tr>\n<tr>\n<td style=\"text-align: left;\" width=\"150\"><em>Fax:<\/em><\/td>\n<td width=\"382\"><a href=\"tel:%20+386%20(0)1%20420%2012%2066\">+386 (0)1 420 12 66<\/a><\/td>\n<td style=\"text-align: left;\"><\/td>\n<\/tr>\n<tr>\n<td style=\"text-align: left;\" width=\"\u00b8150\"><em>E-mail:<\/em><\/td>\n<td width=\"382\"><a href=\"tajnistvo@pei.si\">tajnistvo@pei.si<\/a>\u00a0or\u00a0<a href=\"pedagoski.institut@pei.si\">pedagoski.institut@pei.si<\/a><\/td>\n<td style=\"text-align: left;\"><\/td>\n<\/tr>\n<tr>\n<td style=\"text-align: left;\" width=\"150\"><em>ID for VAT:<\/em><\/td>\n<td width=\"382\">SI68705093<\/td>\n<td style=\"text-align: left;\"><\/td>\n<\/tr>\n<tr>\n<td style=\"text-align: left;\" width=\"150\"><em>Director of the Institute:<\/em><\/td>\n<td width=\"382\"><a href=\"http:\/\/www.pei.si\/zaposleni\/zagar-igor\/\">Dr Igor \u017dagar \u017dnidar\u0161i\u010d<\/a><\/td>\n<td style=\"text-align: left;\"><\/td>\n<\/tr>\n<\/tbody>\n<\/table>\n<p>&nbsp;<\/p>\n","protected":false},"excerpt":{"rendered":"<p>Educational Research Institute Address: Gerbi\u010deva 62, SI-1000 Ljubljana Phone: +386 (0)1 420 12 40 or\u00a0+386\u00a0(0)1 420 12 42 Mobile phone: +386 (0) 31 638 052\u00a0ali\u00a0+386 (0) 31 638 053 Fax: +386 (0)1 420 12 66 E-mail: tajnistvo@pei.si\u00a0or\u00a0pedagoski.institut@pei.si ID for VAT: SI68705093 Director of the Institute: Dr Igor \u017dagar \u017dnidar\u0161i\u010d &nbsp;<\/p>\n","protected":false},"author":4,"featured_media":0,"parent":0,"menu_order":0,"comment_status":"closed","ping_status":"closed","template":"template_kontakt.php","meta":{"_acf_changed":false,"footnotes":""},"class_list":["post-3401","page","type-page","status-publish","hentry"],"acf":[],"_links":{"self":[{"href":"https:\/\/www.pei.si\/en\/wp-json\/wp\/v2\/pages\/3401","targetHints":{"allow":["GET"]}}],"collection":[{"href":"https:\/\/www.pei.si\/en\/wp-json\/wp\/v2\/pages"}],"about":[{"href":"https:\/\/www.pei.si\/en\/wp-json\/wp\/v2\/types\/page"}],"author":[{"embeddable":true,"href":"https:\/\/www.pei.si\/en\/wp-json\/wp\/v2\/users\/4"}],"replies":[{"embeddable":true,"href":"https:\/\/www.pei.si\/en\/wp-json\/wp\/v2\/comments?post=3401"}],"version-history":[{"count":4,"href":"https:\/\/www.pei.si\/en\/wp-json\/wp\/v2\/pages\/3401\/revisions"}],"predecessor-version":[{"id":5295,"href":"https:\/\/www.pei.si\/en\/wp-json\/wp\/v2\/pages\/3401\/revisions\/5295"}],"wp:attachment":[{"href":"https:\/\/www.pei.si\/en\/wp-json\/wp\/v2\/media?parent=3401"}],"curies":[{"name":"wp","href":"https:\/\/api.w.org\/{rel}","templated":true}]}}